{"id":1286,"date":"2021-09-06T15:25:28","date_gmt":"2021-09-06T13:25:28","guid":{"rendered":"https:\/\/www.activ-apotheke.at\/?page_id=1286"},"modified":"2023-11-27T15:07:42","modified_gmt":"2023-11-27T14:07:42","slug":"age-reader","status":"publish","type":"page","link":"https:\/\/www.activ-apotheke.at\/?page_id=1286","title":{"rendered":"AGE-Reader"},"content":{"rendered":"\t\t<div data-elementor-type=\"wp-page\" data-elementor-id=\"1286\" class=\"elementor elementor-1286\">\n\t\t\t\t\t\t<section class=\"elementor-section elementor-top-section elementor-element elementor-element-29ff5c34 elementor-section-full_width elementor-section-height-min-height elementor-hidden-tablet elementor-hidden-mobile elementor-section-height-default elementor-section-items-middle\" data-id=\"29ff5c34\" data-element_type=\"section\" data-settings=\"{&quot;background_background&quot;:&quot;classic&quot;}\">\n\t\t\t\t\t\t<div class=\"elementor-container elementor-column-gap-default\">\n\t\t\t\t\t<div class=\"elementor-column elementor-col-100 elementor-top-column elementor-element elementor-element-385ab14f\" data-id=\"385ab14f\" data-element_type=\"column\">\n\t\t\t<div class=\"elementor-widget-wrap\">\n\t\t\t\t\t\t\t<\/div>\n\t\t<\/div>\n\t\t\t\t\t<\/div>\n\t\t<\/section>\n\t\t\t\t<section class=\"elementor-section elementor-top-section elementor-element elementor-element-1577c3f8 elementor-section-content-middle elementor-reverse-mobile elementor-section-boxed elementor-section-height-default elementor-section-height-default\" data-id=\"1577c3f8\" data-element_type=\"section\" data-settings=\"{&quot;background_background&quot;:&quot;classic&quot;}\">\n\t\t\t\t\t\t<div class=\"elementor-container elementor-column-gap-wide\">\n\t\t\t\t\t<div class=\"elementor-column elementor-col-50 elementor-top-column elementor-element elementor-element-48b1cc4d\" data-id=\"48b1cc4d\" data-element_type=\"column\" data-settings=\"{&quot;background_background&quot;:&quot;classic&quot;}\">\n\t\t\t<div class=\"elementor-widget-wrap elementor-element-populated\">\n\t\t\t\t\t\t<div class=\"elementor-element elementor-element-6dd0c636 elementor-widget elementor-widget-spacer\" data-id=\"6dd0c636\" data-element_type=\"widget\" data-widget_type=\"spacer.default\">\n\t\t\t\t<div class=\"elementor-widget-container\">\n\t\t\t\t\t\t\t<div class=\"elementor-spacer\">\n\t\t\t<div class=\"elementor-spacer-inner\"><\/div>\n\t\t<\/div>\n\t\t\t\t\t\t<\/div>\n\t\t\t\t<\/div>\n\t\t\t\t\t<\/div>\n\t\t<\/div>\n\t\t\t\t<div class=\"elementor-column elementor-col-50 elementor-top-column elementor-element elementor-element-70ef8563\" data-id=\"70ef8563\" data-element_type=\"column\">\n\t\t\t<div class=\"elementor-widget-wrap elementor-element-populated\">\n\t\t\t\t\t\t<div class=\"elementor-element elementor-element-4a9307a9 elementor-widget elementor-widget-heading\" data-id=\"4a9307a9\" data-element_type=\"widget\" data-widget_type=\"heading.default\">\n\t\t\t\t<div class=\"elementor-widget-container\">\n\t\t\t\t\t<h2 class=\"elementor-heading-title elementor-size-default\">AGE-Reader<\/h2>\t\t\t\t<\/div>\n\t\t\t\t<\/div>\n\t\t\t\t<div class=\"elementor-element elementor-element-5d84c4e1 elementor-widget-divider--view-line elementor-invisible elementor-widget elementor-widget-divider\" data-id=\"5d84c4e1\" data-element_type=\"widget\" data-settings=\"{&quot;_animation&quot;:&quot;fadeInUp&quot;}\" data-widget_type=\"divider.default\">\n\t\t\t\t<div class=\"elementor-widget-container\">\n\t\t\t\t\t\t\t<div class=\"elementor-divider\">\n\t\t\t<span class=\"elementor-divider-separator\">\n\t\t\t\t\t\t<\/span>\n\t\t<\/div>\n\t\t\t\t\t\t<\/div>\n\t\t\t\t<\/div>\n\t\t\t\t<div class=\"elementor-element elementor-element-4b79ee4 elementor-widget elementor-widget-text-editor\" data-id=\"4b79ee4\" data-element_type=\"widget\" data-widget_type=\"text-editor.default\">\n\t\t\t\t<div class=\"elementor-widget-container\">\n\t\t\t\t\t\t\t\t\t<p>Wie alt sind Ihre Zellen?<br \/>In <strong>12 Sekunden<\/strong> kennen Sie das\u00a0Altersstadium Ihrer Zellen und\u00a0erfahren wie hoch Ihr <strong>Risiko<\/strong> f\u00fcr\u00a0altersbedingte <strong>Krankheiten<\/strong> ist<br \/>(Bild \u00a9 www.agereader.de)<\/p>\t\t\t\t\t\t\t\t<\/div>\n\t\t\t\t<\/div>\n\t\t\t\t\t<\/div>\n\t\t<\/div>\n\t\t\t\t\t<\/div>\n\t\t<\/section>\n\t\t\t\t<section class=\"elementor-section elementor-top-section elementor-element elementor-element-d37f6c0 elementor-section-boxed elementor-section-height-default elementor-section-height-default\" data-id=\"d37f6c0\" data-element_type=\"section\">\n\t\t\t\t\t\t<div class=\"elementor-container elementor-column-gap-default\">\n\t\t\t\t\t<div class=\"elementor-column elementor-col-100 elementor-top-column elementor-element elementor-element-2f4ddb8\" data-id=\"2f4ddb8\" data-element_type=\"column\">\n\t\t\t<div class=\"elementor-widget-wrap elementor-element-populated\">\n\t\t\t\t\t\t<div class=\"elementor-element elementor-element-5a432ce elementor-widget elementor-widget-text-editor\" data-id=\"5a432ce\" data-element_type=\"widget\" data-widget_type=\"text-editor.default\">\n\t\t\t\t<div class=\"elementor-widget-container\">\n\t\t\t\t\t\t\t\t\t<p>AGEs geh\u00f6ren zu einer heterogenen Substanzklasse und sind <b>Endprodukte<\/b> einer Kette an <b>chemischen Reaktionen <\/b>zwischen <b>Zucker<\/b> (Glukose) und <b>Eiwei\u00df<\/b> (Protein). Dieser Vorgang l\u00e4uft kontinuierlich im K\u00f6rper ab und ist ein ganz <b>nat\u00fcrlicher Prozess des Alterns<\/b>. Der Zucker kann jedoch die normale Funktion des Eiwei\u00df beeinflussen und so <b>Funktionsst\u00f6rungen und Sch\u00e4digungen im Gewebe<\/b>, bspw. in Blutgef\u00e4\u00dfen, <b>verursachen<\/b>. Daher spielen AGEs nicht nur eine zentrale Rolle bei der <b>Hautzellalterung<\/b>, sondern auch bei der Entwicklung <b>chronischer<\/b> <b>altersbedingter<\/b> <b>Krankheiten<\/b>, wie <b>Diabetes, Nierenversagen <\/b>und <b>Herz-Kreislauf-Erkrankungen.<\/b><\/p>\t\t\t\t\t\t\t\t<\/div>\n\t\t\t\t<\/div>\n\t\t\t\t\t<\/div>\n\t\t<\/div>\n\t\t\t\t\t<\/div>\n\t\t<\/section>\n\t\t\t\t<section class=\"elementor-section elementor-top-section elementor-element elementor-element-f57249e elementor-section-boxed elementor-section-height-default elementor-section-height-default\" data-id=\"f57249e\" data-element_type=\"section\">\n\t\t\t\t\t\t<div class=\"elementor-container elementor-column-gap-default\">\n\t\t\t\t\t<div class=\"elementor-column elementor-col-100 elementor-top-column elementor-element elementor-element-ee08166\" data-id=\"ee08166\" data-element_type=\"column\">\n\t\t\t<div class=\"elementor-widget-wrap elementor-element-populated\">\n\t\t\t\t\t\t<div class=\"elementor-element elementor-element-0f3c081 elementor-widget elementor-widget-text-editor\" data-id=\"0f3c081\" data-element_type=\"widget\" data-widget_type=\"text-editor.default\">\n\t\t\t\t<div class=\"elementor-widget-container\">\n\t\t\t\t\t\t\t\t\t<h2><b>Warum sollte ich meinen AGE-Wert messen lassen?<\/b><\/h2><p>W\u00e4hrend sich AGEs im Laufe des Lebens ganz nat\u00fcrlich im Gewebe ansammeln, wird dieser Prozess bei <strong>Risikopersonen<\/strong> und <strong>Diabetes-Patienten<\/strong> beschleunigt. Eine zu hohe Ansammlung an AGEs weist auf ein <strong>erh\u00f6htes Alter der Hautzellen<\/strong> und damit auf ein erh\u00f6htes <strong>Risiko f\u00fcr Diabetes<\/strong>, <strong>Herzinfarkt<\/strong>, <strong>Schlaganfall<\/strong> und andere <strong>chronische altersbedingte Krankheiten<\/strong> hin. Auch bei bereits vorliegenden Erkrankungen liefert der AGE-Wert zuverl\u00e4ssige Hinweise auf das <strong>Risiko<\/strong>, <strong>Folgeerkrankungen<\/strong> zu entwickeln. Durch fr\u00fchzeitiges Erkennen und Behandeln k\u00f6nnen negative Folgen reduziert oder vermieden werden.<\/p>\t\t\t\t\t\t\t\t<\/div>\n\t\t\t\t<\/div>\n\t\t\t\t\t<\/div>\n\t\t<\/div>\n\t\t\t\t\t<\/div>\n\t\t<\/section>\n\t\t\t\t<section class=\"elementor-section elementor-top-section elementor-element elementor-element-63f27f0 elementor-section-boxed elementor-section-height-default elementor-section-height-default\" data-id=\"63f27f0\" data-element_type=\"section\">\n\t\t\t\t\t\t<div class=\"elementor-container elementor-column-gap-default\">\n\t\t\t\t\t<div class=\"elementor-column elementor-col-100 elementor-top-column elementor-element elementor-element-65bdaeb\" data-id=\"65bdaeb\" data-element_type=\"column\">\n\t\t\t<div class=\"elementor-widget-wrap elementor-element-populated\">\n\t\t\t\t\t\t<div class=\"elementor-element elementor-element-8c63a78 elementor-widget elementor-widget-text-editor\" data-id=\"8c63a78\" data-element_type=\"widget\" data-widget_type=\"text-editor.default\">\n\t\t\t\t<div class=\"elementor-widget-container\">\n\t\t\t\t\t\t\t\t\t<h2><b>Wodurch erh\u00f6ht sich mein AGE-Wert<\/b><b>?<\/b><\/h2><p>Eine schnelle Anh\u00e4ufung von AGEs im Gewebe wird u.a. durch eine <strong>Blutzuckererh\u00f6hung<\/strong> verursacht \u2013 auch bereits in einer Phase, in der der Blutzucker noch nicht fortw\u00e4hrend erh\u00f6ht ist. Au\u00dferdem kann eine ungew\u00f6hnlich schnelle Ansammlung von AGEs durch <strong>oxidativen Stress<\/strong>, <strong>\u00fcberm\u00e4\u00dfige Nahrungsaufnahme<\/strong>, <strong>Zigarettenrauch<\/strong> und <strong>Nierenversagen<\/strong> verursacht werden. Lebensmittel mit sehr hohem AGE-Gehalt, wie bspw. stark <strong>Gebratenes<\/strong>, <strong>Gegrilltes<\/strong> oder <strong>Frittiertes<\/strong>, beg\u00fcnstigen diese Entwicklung.<\/p>\t\t\t\t\t\t\t\t<\/div>\n\t\t\t\t<\/div>\n\t\t\t\t\t<\/div>\n\t\t<\/div>\n\t\t\t\t\t<\/div>\n\t\t<\/section>\n\t\t\t\t<section class=\"elementor-section elementor-top-section elementor-element elementor-element-480eb64 elementor-section-boxed elementor-section-height-default elementor-section-height-default\" data-id=\"480eb64\" data-element_type=\"section\">\n\t\t\t\t\t\t<div class=\"elementor-container elementor-column-gap-default\">\n\t\t\t\t\t<div class=\"elementor-column elementor-col-100 elementor-top-column elementor-element elementor-element-574558b\" data-id=\"574558b\" data-element_type=\"column\">\n\t\t\t<div class=\"elementor-widget-wrap elementor-element-populated\">\n\t\t\t\t\t\t<div class=\"elementor-element elementor-element-2db4585 elementor-widget elementor-widget-text-editor\" data-id=\"2db4585\" data-element_type=\"widget\" data-widget_type=\"text-editor.default\">\n\t\t\t\t<div class=\"elementor-widget-container\">\n\t\t\t\t\t\t\t\t\t<h2><b>Wie kann ich meinen AGE-Wert senken?<\/b><\/h2><p>Durch Einsatz, bzw. <strong>Anpassung der Medikation<\/strong> und einen ges\u00fcnderen Lebensstil (<strong>ausgewogene Ern\u00e4hrung<\/strong>, <strong>Verzicht auf Lebensmittel mit hohem AGE-Gehalt<\/strong>, <strong>mehr Bewegung<\/strong>, <strong>Rauchen aufh\u00f6ren<\/strong>) k\u00f6nnen AGEs gesenkt werden. <strong>Es wird empfohlen, diese alle 12 bis 18 Monate messen zu lassen, um Ver\u00e4nderungen fr\u00fchzeitig feststellen zu k\u00f6nnen.<\/strong><\/p>\t\t\t\t\t\t\t\t<\/div>\n\t\t\t\t<\/div>\n\t\t\t\t\t<\/div>\n\t\t<\/div>\n\t\t\t\t\t<\/div>\n\t\t<\/section>\n\t\t\t\t<section class=\"elementor-section elementor-top-section elementor-element elementor-element-f0a877f elementor-section-boxed elementor-section-height-default elementor-section-height-default\" data-id=\"f0a877f\" data-element_type=\"section\">\n\t\t\t\t\t\t<div class=\"elementor-container elementor-column-gap-default\">\n\t\t\t\t\t<div class=\"elementor-column elementor-col-100 elementor-top-column elementor-element elementor-element-58f6b3e\" data-id=\"58f6b3e\" data-element_type=\"column\">\n\t\t\t<div class=\"elementor-widget-wrap elementor-element-populated\">\n\t\t\t\t\t\t<div class=\"elementor-element elementor-element-6b4a7a8 elementor-widget elementor-widget-image\" data-id=\"6b4a7a8\" data-element_type=\"widget\" data-widget_type=\"image.default\">\n\t\t\t\t<div class=\"elementor-widget-container\">\n\t\t\t\t\t\t\t\t\t\t\t\t\t\t\t<img fetchpriority=\"high\" decoding=\"async\" width=\"1004\" height=\"589\" src=\"https:\/\/www.activ-apotheke.at\/wp-content\/uploads\/2021\/12\/agereader.png\" class=\"attachment-full size-full wp-image-2065\" alt=\"Agereader\" srcset=\"https:\/\/www.activ-apotheke.at\/wp-content\/uploads\/2021\/12\/agereader.png 1004w, https:\/\/www.activ-apotheke.at\/wp-content\/uploads\/2021\/12\/agereader-300x176.png 300w, https:\/\/www.activ-apotheke.at\/wp-content\/uploads\/2021\/12\/agereader-768x451.png 768w\" sizes=\"(max-width: 1004px) 100vw, 1004px\" \/>\t\t\t\t\t\t\t\t\t\t\t\t\t\t\t<\/div>\n\t\t\t\t<\/div>\n\t\t\t\t\t<\/div>\n\t\t<\/div>\n\t\t\t\t\t<\/div>\n\t\t<\/section>\n\t\t\t\t<section class=\"elementor-section elementor-top-section elementor-element elementor-element-ae4dc57 elementor-section-boxed elementor-section-height-default elementor-section-height-default\" data-id=\"ae4dc57\" data-element_type=\"section\">\n\t\t\t\t\t\t<div class=\"elementor-container elementor-column-gap-default\">\n\t\t\t\t\t<div class=\"elementor-column elementor-col-100 elementor-top-column elementor-element elementor-element-ab2d6ef\" data-id=\"ab2d6ef\" data-element_type=\"column\">\n\t\t\t<div class=\"elementor-widget-wrap elementor-element-populated\">\n\t\t\t\t\t\t<div class=\"elementor-element elementor-element-a7f2e53 elementor-widget elementor-widget-text-editor\" data-id=\"a7f2e53\" data-element_type=\"widget\" data-widget_type=\"text-editor.default\">\n\t\t\t\t<div class=\"elementor-widget-container\">\n\t\t\t\t\t\t\t\t\t<p><strong><a href=\"https:\/\/www.agereader.de\/\" target=\"_blank\" rel=\"noopener\">Website AGE-Reader<\/a><\/strong><\/p>\t\t\t\t\t\t\t\t<\/div>\n\t\t\t\t<\/div>\n\t\t\t\t\t<\/div>\n\t\t<\/div>\n\t\t\t\t\t<\/div>\n\t\t<\/section>\n\t\t\t\t<\/div>\n\t\t","protected":false},"excerpt":{"rendered":"<p>AGE-Reader Wie alt sind Ihre Zellen?In 12 Sekunden kennen Sie das\u00a0Altersstadium Ihrer Zellen und\u00a0erfahren wie hoch Ihr Risiko f\u00fcr\u00a0altersbedingte Krankheiten ist(Bild \u00a9 www.agereader.de) AGEs geh\u00f6ren zu einer heterogenen Substanzklasse und sind Endprodukte einer Kette an chemischen Reaktionen zwischen Zucker (Glukose) und Eiwei\u00df (Protein). Dieser Vorgang l\u00e4uft kontinuierlich im K\u00f6rper ab und ist ein ganz nat\u00fcrlicher [&hellip;]<\/p>\n","protected":false},"author":1,"featured_media":0,"parent":209,"menu_order":0,"comment_status":"closed","ping_status":"closed","template":"","meta":{"ocean_post_layout":"full-screen","ocean_both_sidebars_style":"","ocean_both_sidebars_content_width":0,"ocean_both_sidebars_sidebars_width":0,"ocean_sidebar":"0","ocean_second_sidebar":"0","ocean_disable_margins":"enable","ocean_add_body_class":"","ocean_shortcode_before_top_bar":"","ocean_shortcode_after_top_bar":"","ocean_shortcode_before_header":"","ocean_shortcode_after_header":"","ocean_has_shortcode":"","ocean_shortcode_after_title":"","ocean_shortcode_before_footer_widgets":"","ocean_shortcode_after_footer_widgets":"","ocean_shortcode_before_footer_bottom":"","ocean_shortcode_after_footer_bottom":"","ocean_display_top_bar":"off","ocean_display_header":"default","ocean_header_style":"","ocean_center_header_left_menu":"0","ocean_custom_header_template":"0","ocean_custom_logo":0,"ocean_custom_retina_logo":0,"ocean_custom_logo_max_width":0,"ocean_custom_logo_tablet_max_width":0,"ocean_custom_logo_mobile_max_width":0,"ocean_custom_logo_max_height":0,"ocean_custom_logo_tablet_max_height":0,"ocean_custom_logo_mobile_max_height":0,"ocean_header_custom_menu":"0","ocean_menu_typo_font_family":"0","ocean_menu_typo_font_subset":"","ocean_menu_typo_font_size":0,"ocean_menu_typo_font_size_tablet":0,"ocean_menu_typo_font_size_mobile":0,"ocean_menu_typo_font_size_unit":"px","ocean_menu_typo_font_weight":"","ocean_menu_typo_font_weight_tablet":"","ocean_menu_typo_font_weight_mobile":"","ocean_menu_typo_transform":"","ocean_menu_typo_transform_tablet":"","ocean_menu_typo_transform_mobile":"","ocean_menu_typo_line_height":0,"ocean_menu_typo_line_height_tablet":0,"ocean_menu_typo_line_height_mobile":0,"ocean_menu_typo_line_height_unit":"","ocean_menu_typo_spacing":0,"ocean_menu_typo_spacing_tablet":0,"ocean_menu_typo_spacing_mobile":0,"ocean_menu_typo_spacing_unit":"","ocean_menu_link_color":"","ocean_menu_link_color_hover":"","ocean_menu_link_color_active":"","ocean_menu_link_background":"","ocean_menu_link_hover_background":"","ocean_menu_link_active_background":"","ocean_menu_social_links_bg":"","ocean_menu_social_hover_links_bg":"","ocean_menu_social_links_color":"","ocean_menu_social_hover_links_color":"","ocean_disable_title":"on","ocean_disable_heading":"on","ocean_post_title":"","ocean_post_subheading":"","ocean_post_title_style":"","ocean_post_title_background_color":"","ocean_post_title_background":0,"ocean_post_title_bg_image_position":"","ocean_post_title_bg_image_attachment":"","ocean_post_title_bg_image_repeat":"","ocean_post_title_bg_image_size":"","ocean_post_title_height":0,"ocean_post_title_bg_overlay":0.5,"ocean_post_title_bg_overlay_color":"","ocean_disable_breadcrumbs":"default","ocean_breadcrumbs_color":"","ocean_breadcrumbs_separator_color":"","ocean_breadcrumbs_links_color":"","ocean_breadcrumbs_links_hover_color":"","ocean_display_footer_widgets":"default","ocean_display_footer_bottom":"default","ocean_custom_footer_template":"0","footnotes":""},"class_list":["post-1286","page","type-page","status-publish","hentry","entry"],"_links":{"self":[{"href":"https:\/\/www.activ-apotheke.at\/index.php?rest_route=\/wp\/v2\/pages\/1286","targetHints":{"allow":["GET"]}}],"collection":[{"href":"https:\/\/www.activ-apotheke.at\/index.php?rest_route=\/wp\/v2\/pages"}],"about":[{"href":"https:\/\/www.activ-apotheke.at\/index.php?rest_route=\/wp\/v2\/types\/page"}],"author":[{"embeddable":true,"href":"https:\/\/www.activ-apotheke.at\/index.php?rest_route=\/wp\/v2\/users\/1"}],"replies":[{"embeddable":true,"href":"https:\/\/www.activ-apotheke.at\/index.php?rest_route=%2Fwp%2Fv2%2Fcomments&post=1286"}],"version-history":[{"count":116,"href":"https:\/\/www.activ-apotheke.at\/index.php?rest_route=\/wp\/v2\/pages\/1286\/revisions"}],"predecessor-version":[{"id":3329,"href":"https:\/\/www.activ-apotheke.at\/index.php?rest_route=\/wp\/v2\/pages\/1286\/revisions\/3329"}],"up":[{"embeddable":true,"href":"https:\/\/www.activ-apotheke.at\/index.php?rest_route=\/wp\/v2\/pages\/209"}],"wp:attachment":[{"href":"https:\/\/www.activ-apotheke.at\/index.php?rest_route=%2Fwp%2Fv2%2Fmedia&parent=1286"}],"curies":[{"name":"wp","href":"https:\/\/api.w.org\/{rel}","templated":true}]}}