{"id":1345,"date":"2021-09-06T16:11:57","date_gmt":"2021-09-06T14:11:57","guid":{"rendered":"https:\/\/www.activ-apotheke.at\/?page_id=1345"},"modified":"2023-11-27T15:11:46","modified_gmt":"2023-11-27T14:11:46","slug":"dna-stratipharm","status":"publish","type":"page","link":"https:\/\/www.activ-apotheke.at\/?page_id=1345","title":{"rendered":"DNA-Stratipharm"},"content":{"rendered":"\t\t<div data-elementor-type=\"wp-page\" data-elementor-id=\"1345\" class=\"elementor elementor-1345\">\n\t\t\t\t\t\t<section class=\"elementor-section elementor-top-section elementor-element elementor-element-44286f19 elementor-section-full_width elementor-section-height-min-height elementor-hidden-tablet elementor-hidden-mobile elementor-section-height-default elementor-section-items-middle\" data-id=\"44286f19\" data-element_type=\"section\" data-settings=\"{&quot;background_background&quot;:&quot;classic&quot;}\">\n\t\t\t\t\t\t<div class=\"elementor-container elementor-column-gap-default\">\n\t\t\t\t\t<div class=\"elementor-column elementor-col-100 elementor-top-column elementor-element elementor-element-11883403\" data-id=\"11883403\" data-element_type=\"column\">\n\t\t\t<div class=\"elementor-widget-wrap\">\n\t\t\t\t\t\t\t<\/div>\n\t\t<\/div>\n\t\t\t\t\t<\/div>\n\t\t<\/section>\n\t\t\t\t<section class=\"elementor-section elementor-top-section elementor-element elementor-element-6ead0526 elementor-section-content-middle elementor-reverse-mobile elementor-section-boxed elementor-section-height-default elementor-section-height-default\" data-id=\"6ead0526\" data-element_type=\"section\" data-settings=\"{&quot;background_background&quot;:&quot;classic&quot;}\">\n\t\t\t\t\t\t<div class=\"elementor-container elementor-column-gap-wide\">\n\t\t\t\t\t<div class=\"elementor-column elementor-col-50 elementor-top-column elementor-element elementor-element-255fd84d\" data-id=\"255fd84d\" data-element_type=\"column\" data-settings=\"{&quot;background_background&quot;:&quot;classic&quot;}\">\n\t\t\t<div class=\"elementor-widget-wrap elementor-element-populated\">\n\t\t\t\t\t\t<div class=\"elementor-element elementor-element-b311e42 elementor-widget elementor-widget-spacer\" data-id=\"b311e42\" data-element_type=\"widget\" data-widget_type=\"spacer.default\">\n\t\t\t\t<div class=\"elementor-widget-container\">\n\t\t\t\t\t\t\t<div class=\"elementor-spacer\">\n\t\t\t<div class=\"elementor-spacer-inner\"><\/div>\n\t\t<\/div>\n\t\t\t\t\t\t<\/div>\n\t\t\t\t<\/div>\n\t\t\t\t\t<\/div>\n\t\t<\/div>\n\t\t\t\t<div class=\"elementor-column elementor-col-50 elementor-top-column elementor-element elementor-element-71afffbb\" data-id=\"71afffbb\" data-element_type=\"column\">\n\t\t\t<div class=\"elementor-widget-wrap elementor-element-populated\">\n\t\t\t\t\t\t<div class=\"elementor-element elementor-element-1df74151 elementor-widget elementor-widget-heading\" data-id=\"1df74151\" data-element_type=\"widget\" data-widget_type=\"heading.default\">\n\t\t\t\t<div class=\"elementor-widget-container\">\n\t\t\t\t\t<h2 class=\"elementor-heading-title elementor-size-default\">DNA-Stratipharm<\/h2>\t\t\t\t<\/div>\n\t\t\t\t<\/div>\n\t\t\t\t<div class=\"elementor-element elementor-element-482ccf61 elementor-widget-divider--view-line elementor-invisible elementor-widget elementor-widget-divider\" data-id=\"482ccf61\" data-element_type=\"widget\" data-settings=\"{&quot;_animation&quot;:&quot;fadeInUp&quot;}\" data-widget_type=\"divider.default\">\n\t\t\t\t<div class=\"elementor-widget-container\">\n\t\t\t\t\t\t\t<div class=\"elementor-divider\">\n\t\t\t<span class=\"elementor-divider-separator\">\n\t\t\t\t\t\t<\/span>\n\t\t<\/div>\n\t\t\t\t\t\t<\/div>\n\t\t\t\t<\/div>\n\t\t\t\t<div class=\"elementor-element elementor-element-7ab937bf elementor-widget elementor-widget-text-editor\" data-id=\"7ab937bf\" data-element_type=\"widget\" data-widget_type=\"text-editor.default\">\n\t\t\t\t<div class=\"elementor-widget-container\">\n\t\t\t\t\t\t\t\t\t<p>Medikamenten Blindflug stoppen.<\/p><p>Sichern Sie sich Ihre Chance auf mehr Wirksamkeit und weniger Nebenwirkungen.<br \/>(Bild \u00a9 www.stratipharm.de)<\/p>\t\t\t\t\t\t\t\t<\/div>\n\t\t\t\t<\/div>\n\t\t\t\t\t<\/div>\n\t\t<\/div>\n\t\t\t\t\t<\/div>\n\t\t<\/section>\n\t\t\t\t<section class=\"elementor-section elementor-top-section elementor-element elementor-element-9aba2c6 elementor-section-boxed elementor-section-height-default elementor-section-height-default\" data-id=\"9aba2c6\" data-element_type=\"section\">\n\t\t\t\t\t\t<div class=\"elementor-container elementor-column-gap-default\">\n\t\t\t\t\t<div class=\"elementor-column elementor-col-100 elementor-top-column elementor-element elementor-element-7baa521\" data-id=\"7baa521\" data-element_type=\"column\">\n\t\t\t<div class=\"elementor-widget-wrap elementor-element-populated\">\n\t\t\t\t\t\t<div class=\"elementor-element elementor-element-a6964e7 elementor-widget elementor-widget-text-editor\" data-id=\"a6964e7\" data-element_type=\"widget\" data-widget_type=\"text-editor.default\">\n\t\t\t\t<div class=\"elementor-widget-container\">\n\t\t\t\t\t\t\t\t\t<h2>Nehmen Sie Ihre Medikamente so, wie Sie sie wirklich brauchen.<\/h2><p>Es ist Ihnen wahrscheinlich gar nicht bewusst, wie sehr unsere Medizin noch auf Ausprobieren ausgelegt ist. Fast immer gibt es mehrere Therapieoptionen mit unterschiedlichen Wirkmechanismen, und das ist auch gut so, denn h\u00e4ufig scheiden einige der M\u00f6glichkeiten f\u00fcr Sie ohnehin aus, da sie entweder nicht ausreichend wirken oder\u00a0zu massive Nebenwirkungen verursachen.<\/p><p>So kann es vorkommen, dass Sie \u00fcber Monate oder gar Jahre immer wieder neue Medikamente verschrieben bekommen, bis endlich \u201eIhr\u201c Pr\u00e4parat gefunden ist.<\/p>\t\t\t\t\t\t\t\t<\/div>\n\t\t\t\t<\/div>\n\t\t\t\t\t<\/div>\n\t\t<\/div>\n\t\t\t\t\t<\/div>\n\t\t<\/section>\n\t\t\t\t<section class=\"elementor-section elementor-top-section elementor-element elementor-element-941b5cb elementor-section-boxed elementor-section-height-default elementor-section-height-default\" data-id=\"941b5cb\" data-element_type=\"section\">\n\t\t\t\t\t\t<div class=\"elementor-container elementor-column-gap-default\">\n\t\t\t\t\t<div class=\"elementor-column elementor-col-100 elementor-top-column elementor-element elementor-element-a602a81\" data-id=\"a602a81\" data-element_type=\"column\">\n\t\t\t<div class=\"elementor-widget-wrap elementor-element-populated\">\n\t\t\t\t\t\t<div class=\"elementor-element elementor-element-ad67007 elementor-widget elementor-widget-text-editor\" data-id=\"ad67007\" data-element_type=\"widget\" data-widget_type=\"text-editor.default\">\n\t\t\t\t<div class=\"elementor-widget-container\">\n\t\t\t\t\t\t\t\t\t<h2>Mit STRATIPHARM k\u00f6nnen Sie auf Ausprobieren gut und gerne verzichten.<\/h2><p>Durch eine einmalige genetische Analyse (ca. 100 Variationen in \u00fcber 30 Genen) wird Ihr individuelles Stoffwechsel- und Wirkprofil bestimmt. Wenn sich aus diesem Profil Hinweise daraus ergeben, dass ein Wirkstoff bei Ihnen nicht optimal wirken kann oder voraussichtlich starke Nebenwirkungen verursacht, kann Ihr Arzt mit STRATIPHARM eine passende Therapieoption oder Dosisanpassung finden. Und falls Ihr Arzt selbst noch nicht STRATIPHARM nutzt, wird er von Ihrem Apotheker umfassend \u00fcber die m\u00f6glichen Probleme informiert.<\/p>\t\t\t\t\t\t\t\t<\/div>\n\t\t\t\t<\/div>\n\t\t\t\t\t<\/div>\n\t\t<\/div>\n\t\t\t\t\t<\/div>\n\t\t<\/section>\n\t\t\t\t<section class=\"elementor-section elementor-top-section elementor-element elementor-element-715e3ea elementor-section-boxed elementor-section-height-default elementor-section-height-default\" data-id=\"715e3ea\" data-element_type=\"section\">\n\t\t\t\t\t\t<div class=\"elementor-container elementor-column-gap-default\">\n\t\t\t\t\t<div class=\"elementor-column elementor-col-100 elementor-top-column elementor-element elementor-element-c75e673\" data-id=\"c75e673\" data-element_type=\"column\">\n\t\t\t<div class=\"elementor-widget-wrap elementor-element-populated\">\n\t\t\t\t\t\t<div class=\"elementor-element elementor-element-81dcb05 elementor-widget elementor-widget-text-editor\" data-id=\"81dcb05\" data-element_type=\"widget\" data-widget_type=\"text-editor.default\">\n\t\t\t\t<div class=\"elementor-widget-container\">\n\t\t\t\t\t\t\t\t\t<h2>So werden Sie STRATIPHARM Kunde.<\/h2><p>Es sind nur wenige einfache Schritte n\u00f6tig, um in Zukunft nur noch individuell auf Ihr genetisches Profil abgestimmt therapiert zu werden. Ihr STRATIPHARM Apotheker wei\u00df, was zu tun ist und erkl\u00e4rt Ihnen vor Ort genau, wie es geht. Hier k\u00f6nnen Sie sich aber schon ein Bild vom Ablauf machen.<\/p>\t\t\t\t\t\t\t\t<\/div>\n\t\t\t\t<\/div>\n\t\t\t\t\t<\/div>\n\t\t<\/div>\n\t\t\t\t\t<\/div>\n\t\t<\/section>\n\t\t\t\t<section class=\"elementor-section elementor-top-section elementor-element elementor-element-15f4942 elementor-section-boxed elementor-section-height-default elementor-section-height-default\" data-id=\"15f4942\" data-element_type=\"section\">\n\t\t\t\t\t\t<div class=\"elementor-container elementor-column-gap-default\">\n\t\t\t\t\t<div class=\"elementor-column elementor-col-100 elementor-top-column elementor-element elementor-element-cb83a99\" data-id=\"cb83a99\" data-element_type=\"column\">\n\t\t\t<div class=\"elementor-widget-wrap elementor-element-populated\">\n\t\t\t\t\t\t<section class=\"elementor-section elementor-inner-section elementor-element elementor-element-c779ed6 elementor-section-boxed elementor-section-height-default elementor-section-height-default\" data-id=\"c779ed6\" data-element_type=\"section\">\n\t\t\t\t\t\t<div class=\"elementor-container elementor-column-gap-default\">\n\t\t\t\t\t<div class=\"elementor-column elementor-col-50 elementor-inner-column elementor-element elementor-element-aa5e195\" data-id=\"aa5e195\" data-element_type=\"column\">\n\t\t\t<div class=\"elementor-widget-wrap elementor-element-populated\">\n\t\t\t\t\t\t<div class=\"elementor-element elementor-element-3c9997f elementor-widget elementor-widget-heading\" data-id=\"3c9997f\" data-element_type=\"widget\" data-widget_type=\"heading.default\">\n\t\t\t\t<div class=\"elementor-widget-container\">\n\t\t\t\t\t<h3 class=\"elementor-heading-title elementor-size-default\">Einmalig testen: die STRATIPHARM Laboranalyse<\/h3>\t\t\t\t<\/div>\n\t\t\t\t<\/div>\n\t\t\t\t\t<\/div>\n\t\t<\/div>\n\t\t\t\t<div class=\"elementor-column elementor-col-50 elementor-inner-column elementor-element elementor-element-7b3755d\" data-id=\"7b3755d\" data-element_type=\"column\">\n\t\t\t<div class=\"elementor-widget-wrap elementor-element-populated\">\n\t\t\t\t\t\t<div class=\"elementor-element elementor-element-6d955c5 elementor-widget elementor-widget-text-editor\" data-id=\"6d955c5\" data-element_type=\"widget\" data-widget_type=\"text-editor.default\">\n\t\t\t\t<div class=\"elementor-widget-container\">\n\t\t\t\t\t\t\t\t\t<p>Damit Ihr genetisches Profil zur Optimierung Ihrer medikament\u00f6sen Therapien verwendet werden kann, muss von Ihnen einmalig eine Probe im Labor analysiert werden. Ihr Apotheker erfasst dazu Ihre Daten und entnimmt eine Probe aus der Mundh\u00f6hle, die zur Analyse ans Labor eingesendet wird.<\/p><p>Das Ergebnis der Laboranalyse enth\u00e4lt eine Liste aller Wirkstoffe, f\u00fcr die nach aktuellem Stand der STRATIPHARM Datenbank Hinweise und Empfehlungen verf\u00fcgbar sind. Damit kann einfach festgestellt werden, ob Medikamente, die Sie bereits einnehmen oder in K\u00fcrze einnehmen sollen, optimiert werden k\u00f6nnen.<\/p>\t\t\t\t\t\t\t\t<\/div>\n\t\t\t\t<\/div>\n\t\t\t\t\t<\/div>\n\t\t<\/div>\n\t\t\t\t\t<\/div>\n\t\t<\/section>\n\t\t\t\t\t<\/div>\n\t\t<\/div>\n\t\t\t\t\t<\/div>\n\t\t<\/section>\n\t\t\t\t<section class=\"elementor-section elementor-top-section elementor-element elementor-element-f84c620 elementor-section-boxed elementor-section-height-default elementor-section-height-default\" data-id=\"f84c620\" data-element_type=\"section\">\n\t\t\t\t\t\t<div class=\"elementor-container elementor-column-gap-default\">\n\t\t\t\t\t<div class=\"elementor-column elementor-col-100 elementor-top-column elementor-element elementor-element-a1de8ce\" data-id=\"a1de8ce\" data-element_type=\"column\">\n\t\t\t<div class=\"elementor-widget-wrap elementor-element-populated\">\n\t\t\t\t\t\t<section class=\"elementor-section elementor-inner-section elementor-element elementor-element-a89fa67 elementor-section-boxed elementor-section-height-default elementor-section-height-default\" data-id=\"a89fa67\" data-element_type=\"section\">\n\t\t\t\t\t\t<div class=\"elementor-container elementor-column-gap-default\">\n\t\t\t\t\t<div class=\"elementor-column elementor-col-50 elementor-inner-column elementor-element elementor-element-d7ddbfa\" data-id=\"d7ddbfa\" data-element_type=\"column\">\n\t\t\t<div class=\"elementor-widget-wrap elementor-element-populated\">\n\t\t\t\t\t\t<div class=\"elementor-element elementor-element-63ad082 elementor-widget elementor-widget-heading\" data-id=\"63ad082\" data-element_type=\"widget\" data-widget_type=\"heading.default\">\n\t\t\t\t<div class=\"elementor-widget-container\">\n\t\t\t\t\t<h3 class=\"elementor-heading-title elementor-size-default\">Immer verf\u00fcgbar: Ihr genetisches Profil<\/h3>\t\t\t\t<\/div>\n\t\t\t\t<\/div>\n\t\t\t\t\t<\/div>\n\t\t<\/div>\n\t\t\t\t<div class=\"elementor-column elementor-col-50 elementor-inner-column elementor-element elementor-element-3b80262\" data-id=\"3b80262\" data-element_type=\"column\">\n\t\t\t<div class=\"elementor-widget-wrap elementor-element-populated\">\n\t\t\t\t\t\t<div class=\"elementor-element elementor-element-39380a8 elementor-widget elementor-widget-text-editor\" data-id=\"39380a8\" data-element_type=\"widget\" data-widget_type=\"text-editor.default\">\n\t\t\t\t<div class=\"elementor-widget-container\">\n\t\t\t\t\t\t\t\t\t<p>Nachdem die Laboranalyse durchgef\u00fchrt ist, erhalten Sie per Post eine Kundenkarte mit Ihrem pers\u00f6nlichen STRATIPHARM Schl\u00fcssel. Mit diesem Schl\u00fcssel k\u00f6nnen Sie Ihre STRATIPHARM Apotheke oder Arztpraxis autorisieren, Ihr genetisches Profil aus unserer sicheren Datenbank tempor\u00e4r abzurufen.<\/p><p>Wenn Sie in Zukunft ein neues Medikament verordnet bekommen sollen, kann somit sehr einfach gepr\u00fcft werden, ob Sie dieses normal einnehmen k\u00f6nnen oder eine Empfehlung zur Optimierung der Therapie besteht.<\/p>\t\t\t\t\t\t\t\t<\/div>\n\t\t\t\t<\/div>\n\t\t\t\t\t<\/div>\n\t\t<\/div>\n\t\t\t\t\t<\/div>\n\t\t<\/section>\n\t\t\t\t\t<\/div>\n\t\t<\/div>\n\t\t\t\t\t<\/div>\n\t\t<\/section>\n\t\t\t\t<section class=\"elementor-section elementor-top-section elementor-element elementor-element-e6e070e elementor-section-boxed elementor-section-height-default elementor-section-height-default\" data-id=\"e6e070e\" data-element_type=\"section\">\n\t\t\t\t\t\t<div class=\"elementor-container elementor-column-gap-default\">\n\t\t\t\t\t<div class=\"elementor-column elementor-col-100 elementor-top-column elementor-element elementor-element-dcf6b30\" data-id=\"dcf6b30\" data-element_type=\"column\">\n\t\t\t<div class=\"elementor-widget-wrap elementor-element-populated\">\n\t\t\t\t\t\t<section class=\"elementor-section elementor-inner-section elementor-element elementor-element-6819061 elementor-section-boxed elementor-section-height-default elementor-section-height-default\" data-id=\"6819061\" data-element_type=\"section\">\n\t\t\t\t\t\t<div class=\"elementor-container elementor-column-gap-default\">\n\t\t\t\t\t<div class=\"elementor-column elementor-col-50 elementor-inner-column elementor-element elementor-element-1365331\" data-id=\"1365331\" data-element_type=\"column\">\n\t\t\t<div class=\"elementor-widget-wrap elementor-element-populated\">\n\t\t\t\t\t\t<div class=\"elementor-element elementor-element-bbfe018 elementor-widget elementor-widget-heading\" data-id=\"bbfe018\" data-element_type=\"widget\" data-widget_type=\"heading.default\">\n\t\t\t\t<div class=\"elementor-widget-container\">\n\t\t\t\t\t<h3 class=\"elementor-heading-title elementor-size-default\">Optimal therapiert: mit STRATIPHARM Wirkstoffpr\u00fcfungen<\/h3>\t\t\t\t<\/div>\n\t\t\t\t<\/div>\n\t\t\t\t\t<\/div>\n\t\t<\/div>\n\t\t\t\t<div class=\"elementor-column elementor-col-50 elementor-inner-column elementor-element elementor-element-14e3685\" data-id=\"14e3685\" data-element_type=\"column\">\n\t\t\t<div class=\"elementor-widget-wrap elementor-element-populated\">\n\t\t\t\t\t\t<div class=\"elementor-element elementor-element-9dcc060 elementor-widget elementor-widget-text-editor\" data-id=\"9dcc060\" data-element_type=\"widget\" data-widget_type=\"text-editor.default\">\n\t\t\t\t<div class=\"elementor-widget-container\">\n\t\t\t\t\t\t\t\t\t<div class=\"toggle-content\"><p>Bestehen f\u00fcr eines Ihrer Medikamente Optimierungsm\u00f6glichkeiten, k\u00f6nnen Sie hierf\u00fcr eine STRATIPHARM Wirkstoffpr\u00fcfung durchf\u00fchren lassen. Das Ergebnis dieser Pr\u00fcfung enth\u00e4lt eine Zusammenfassung aller Empfehlungen, die f\u00fcr dieses Medikament und Ihr genetisches Profil nach aktuellem Stand der Wissenschaft gegeben werden k\u00f6nnen.<\/p><p>Der Arzt kann die Therapie dann auf Ihre individuellen Bed\u00fcrfnisse anpassen und Ihnen z.B. eine andere Dosis oder ein besser geeignetes Medikament verordnen.<\/p><\/div>\t\t\t\t\t\t\t\t<\/div>\n\t\t\t\t<\/div>\n\t\t\t\t\t<\/div>\n\t\t<\/div>\n\t\t\t\t\t<\/div>\n\t\t<\/section>\n\t\t\t\t\t<\/div>\n\t\t<\/div>\n\t\t\t\t\t<\/div>\n\t\t<\/section>\n\t\t\t\t<section class=\"elementor-section elementor-top-section elementor-element elementor-element-4e163d0 elementor-section-boxed elementor-section-height-default elementor-section-height-default\" data-id=\"4e163d0\" data-element_type=\"section\">\n\t\t\t\t\t\t<div class=\"elementor-container elementor-column-gap-default\">\n\t\t\t\t\t<div class=\"elementor-column elementor-col-25 elementor-top-column elementor-element elementor-element-e227962\" data-id=\"e227962\" data-element_type=\"column\">\n\t\t\t<div class=\"elementor-widget-wrap elementor-element-populated\">\n\t\t\t\t\t\t<div class=\"elementor-element elementor-element-a8c7e13 elementor-widget elementor-widget-text-editor\" data-id=\"a8c7e13\" data-element_type=\"widget\" data-widget_type=\"text-editor.default\">\n\t\t\t\t<div class=\"elementor-widget-container\">\n\t\t\t\t\t\t\t\t\t<p><strong><a href=\"https:\/\/www.stratipharm.at\/kunden\/das-ist-stratipharm\" target=\"_blank\" rel=\"noopener\">Website Stratipharm<\/a><\/strong><\/p>\t\t\t\t\t\t\t\t<\/div>\n\t\t\t\t<\/div>\n\t\t\t\t\t<\/div>\n\t\t<\/div>\n\t\t\t\t<div class=\"elementor-column elementor-col-25 elementor-top-column elementor-element elementor-element-1618aab\" data-id=\"1618aab\" data-element_type=\"column\">\n\t\t\t<div class=\"elementor-widget-wrap elementor-element-populated\">\n\t\t\t\t\t\t<div class=\"elementor-element elementor-element-27872be elementor-widget elementor-widget-image\" data-id=\"27872be\" data-element_type=\"widget\" data-widget_type=\"image.default\">\n\t\t\t\t<div class=\"elementor-widget-container\">\n\t\t\t\t\t\t\t\t\t\t\t\t\t\t\t<img decoding=\"async\" width=\"237\" height=\"65\" src=\"https:\/\/www.activ-apotheke.at\/wp-content\/uploads\/2021\/12\/stratipharm_logo.png\" class=\"attachment-large size-large wp-image-1811\" alt=\"Stratipharm Logo\" \/>\t\t\t\t\t\t\t\t\t\t\t\t\t\t\t<\/div>\n\t\t\t\t<\/div>\n\t\t\t\t\t<\/div>\n\t\t<\/div>\n\t\t\t\t<div class=\"elementor-column elementor-col-25 elementor-top-column elementor-element elementor-element-592f6ff\" data-id=\"592f6ff\" data-element_type=\"column\">\n\t\t\t<div class=\"elementor-widget-wrap elementor-element-populated\">\n\t\t\t\t\t\t<div class=\"elementor-element elementor-element-40327c0 elementor-widget elementor-widget-text-editor\" data-id=\"40327c0\" data-element_type=\"widget\" data-widget_type=\"text-editor.default\">\n\t\t\t\t<div class=\"elementor-widget-container\">\n\t\t\t\t\t\t\t\t\t<p><strong><a href=\"https:\/\/portal.merkur.at\/kporclient\/gesundheitsvorsorge\/public\/programme\/11002\" target=\"_blank\" rel=\"noopener\">Ihr Weg zum <br \/>Pharmakogenetik-Test<\/a><\/strong><\/p>\t\t\t\t\t\t\t\t<\/div>\n\t\t\t\t<\/div>\n\t\t\t\t\t<\/div>\n\t\t<\/div>\n\t\t\t\t<div class=\"elementor-column elementor-col-25 elementor-top-column elementor-element elementor-element-f84d62e\" data-id=\"f84d62e\" data-element_type=\"column\">\n\t\t\t<div class=\"elementor-widget-wrap elementor-element-populated\">\n\t\t\t\t\t\t<div class=\"elementor-element elementor-element-e2ee2d4 elementor-widget elementor-widget-image\" data-id=\"e2ee2d4\" data-element_type=\"widget\" data-widget_type=\"image.default\">\n\t\t\t\t<div class=\"elementor-widget-container\">\n\t\t\t\t\t\t\t\t\t\t\t\t\t\t\t<img decoding=\"async\" width=\"277\" height=\"85\" src=\"https:\/\/www.activ-apotheke.at\/wp-content\/uploads\/2023\/11\/merkur_logo_RGB.png\" class=\"attachment-large size-large wp-image-3116\" alt=\"\" \/>\t\t\t\t\t\t\t\t\t\t\t\t\t\t\t<\/div>\n\t\t\t\t<\/div>\n\t\t\t\t\t<\/div>\n\t\t<\/div>\n\t\t\t\t\t<\/div>\n\t\t<\/section>\n\t\t\t\t<\/div>\n\t\t","protected":false},"excerpt":{"rendered":"<p>DNA-Stratipharm Medikamenten Blindflug stoppen. Sichern Sie sich Ihre Chance auf mehr Wirksamkeit und weniger Nebenwirkungen.(Bild \u00a9 www.stratipharm.de) Nehmen Sie Ihre Medikamente so, wie Sie sie wirklich brauchen. Es ist Ihnen wahrscheinlich gar nicht bewusst, wie sehr unsere Medizin noch auf Ausprobieren ausgelegt ist. Fast immer gibt es mehrere Therapieoptionen mit unterschiedlichen Wirkmechanismen, und das ist [&hellip;]<\/p>\n","protected":false},"author":1,"featured_media":0,"parent":209,"menu_order":0,"comment_status":"closed","ping_status":"closed","template":"","meta":{"ocean_post_layout":"full-screen","ocean_both_sidebars_style":"","ocean_both_sidebars_content_width":0,"ocean_both_sidebars_sidebars_width":0,"ocean_sidebar":"0","ocean_second_sidebar":"0","ocean_disable_margins":"enable","ocean_add_body_class":"","ocean_shortcode_before_top_bar":"","ocean_shortcode_after_top_bar":"","ocean_shortcode_before_header":"","ocean_shortcode_after_header":"","ocean_has_shortcode":"","ocean_shortcode_after_title":"","ocean_shortcode_before_footer_widgets":"","ocean_shortcode_after_footer_widgets":"","ocean_shortcode_before_footer_bottom":"","ocean_shortcode_after_footer_bottom":"","ocean_display_top_bar":"off","ocean_display_header":"default","ocean_header_style":"","ocean_center_header_left_menu":"0","ocean_custom_header_template":"0","ocean_custom_logo":0,"ocean_custom_retina_logo":0,"ocean_custom_logo_max_width":0,"ocean_custom_logo_tablet_max_width":0,"ocean_custom_logo_mobile_max_width":0,"ocean_custom_logo_max_height":0,"ocean_custom_logo_tablet_max_height":0,"ocean_custom_logo_mobile_max_height":0,"ocean_header_custom_menu":"0","ocean_menu_typo_font_family":"0","ocean_menu_typo_font_subset":"","ocean_menu_typo_font_size":0,"ocean_menu_typo_font_size_tablet":0,"ocean_menu_typo_font_size_mobile":0,"ocean_menu_typo_font_size_unit":"px","ocean_menu_typo_font_weight":"","ocean_menu_typo_font_weight_tablet":"","ocean_menu_typo_font_weight_mobile":"","ocean_menu_typo_transform":"","ocean_menu_typo_transform_tablet":"","ocean_menu_typo_transform_mobile":"","ocean_menu_typo_line_height":0,"ocean_menu_typo_line_height_tablet":0,"ocean_menu_typo_line_height_mobile":0,"ocean_menu_typo_line_height_unit":"","ocean_menu_typo_spacing":0,"ocean_menu_typo_spacing_tablet":0,"ocean_menu_typo_spacing_mobile":0,"ocean_menu_typo_spacing_unit":"","ocean_menu_link_color":"","ocean_menu_link_color_hover":"","ocean_menu_link_color_active":"","ocean_menu_link_background":"","ocean_menu_link_hover_background":"","ocean_menu_link_active_background":"","ocean_menu_social_links_bg":"","ocean_menu_social_hover_links_bg":"","ocean_menu_social_links_color":"","ocean_menu_social_hover_links_color":"","ocean_disable_title":"on","ocean_disable_heading":"default","ocean_post_title":"","ocean_post_subheading":"","ocean_post_title_style":"","ocean_post_title_background_color":"","ocean_post_title_background":0,"ocean_post_title_bg_image_position":"","ocean_post_title_bg_image_attachment":"","ocean_post_title_bg_image_repeat":"","ocean_post_title_bg_image_size":"","ocean_post_title_height":0,"ocean_post_title_bg_overlay":0.5,"ocean_post_title_bg_overlay_color":"","ocean_disable_breadcrumbs":"default","ocean_breadcrumbs_color":"","ocean_breadcrumbs_separator_color":"","ocean_breadcrumbs_links_color":"","ocean_breadcrumbs_links_hover_color":"","ocean_display_footer_widgets":"default","ocean_display_footer_bottom":"default","ocean_custom_footer_template":"0","footnotes":""},"class_list":["post-1345","page","type-page","status-publish","hentry","entry"],"_links":{"self":[{"href":"https:\/\/www.activ-apotheke.at\/index.php?rest_route=\/wp\/v2\/pages\/1345","targetHints":{"allow":["GET"]}}],"collection":[{"href":"https:\/\/www.activ-apotheke.at\/index.php?rest_route=\/wp\/v2\/pages"}],"about":[{"href":"https:\/\/www.activ-apotheke.at\/index.php?rest_route=\/wp\/v2\/types\/page"}],"author":[{"embeddable":true,"href":"https:\/\/www.activ-apotheke.at\/index.php?rest_route=\/wp\/v2\/users\/1"}],"replies":[{"embeddable":true,"href":"https:\/\/www.activ-apotheke.at\/index.php?rest_route=%2Fwp%2Fv2%2Fcomments&post=1345"}],"version-history":[{"count":74,"href":"https:\/\/www.activ-apotheke.at\/index.php?rest_route=\/wp\/v2\/pages\/1345\/revisions"}],"predecessor-version":[{"id":3341,"href":"https:\/\/www.activ-apotheke.at\/index.php?rest_route=\/wp\/v2\/pages\/1345\/revisions\/3341"}],"up":[{"embeddable":true,"href":"https:\/\/www.activ-apotheke.at\/index.php?rest_route=\/wp\/v2\/pages\/209"}],"wp:attachment":[{"href":"https:\/\/www.activ-apotheke.at\/index.php?rest_route=%2Fwp%2Fv2%2Fmedia&parent=1345"}],"curies":[{"name":"wp","href":"https:\/\/api.w.org\/{rel}","templated":true}]}}