{"id":209,"date":"2021-06-11T16:33:31","date_gmt":"2021-06-11T14:33:31","guid":{"rendered":"https:\/\/www.activ-apotheke.at\/?page_id=209"},"modified":"2025-10-24T10:38:20","modified_gmt":"2025-10-24T08:38:20","slug":"themen","status":"publish","type":"page","link":"https:\/\/www.activ-apotheke.at\/?page_id=209","title":{"rendered":"Themen"},"content":{"rendered":"\t\t<div data-elementor-type=\"wp-page\" data-elementor-id=\"209\" class=\"elementor elementor-209\">\n\t\t\t\t\t\t<section class=\"elementor-section elementor-top-section elementor-element elementor-element-64e128d0 elementor-section-full_width elementor-section-height-min-height elementor-hidden-tablet elementor-hidden-mobile elementor-section-height-default elementor-section-items-middle\" data-id=\"64e128d0\" data-element_type=\"section\" data-settings=\"{&quot;background_background&quot;:&quot;classic&quot;}\">\n\t\t\t\t\t\t<div class=\"elementor-container elementor-column-gap-default\">\n\t\t\t\t\t<div class=\"elementor-column elementor-col-100 elementor-top-column elementor-element elementor-element-2781e9bb\" data-id=\"2781e9bb\" data-element_type=\"column\">\n\t\t\t<div class=\"elementor-widget-wrap\">\n\t\t\t\t\t\t\t<\/div>\n\t\t<\/div>\n\t\t\t\t\t<\/div>\n\t\t<\/section>\n\t\t\t\t<section class=\"elementor-section elementor-inner-section elementor-element elementor-element-104f5d6a elementor-section-boxed elementor-section-height-default elementor-section-height-default\" data-id=\"104f5d6a\" data-element_type=\"section\" data-settings=\"{&quot;background_background&quot;:&quot;classic&quot;}\">\n\t\t\t\t\t\t<div class=\"elementor-container elementor-column-gap-default\">\n\t\t\t\t\t<div class=\"elementor-column elementor-col-33 elementor-inner-column elementor-element elementor-element-3602a77c elementor-hidden-tablet elementor-hidden-mobile\" data-id=\"3602a77c\" data-element_type=\"column\">\n\t\t\t<div class=\"elementor-widget-wrap\">\n\t\t\t\t\t\t\t<\/div>\n\t\t<\/div>\n\t\t\t\t<div class=\"elementor-column elementor-col-33 elementor-inner-column elementor-element elementor-element-35119f7c\" data-id=\"35119f7c\" data-element_type=\"column\">\n\t\t\t<div class=\"elementor-widget-wrap elementor-element-populated\">\n\t\t\t\t\t\t<div class=\"elementor-element elementor-element-125b0b31 elementor-widget elementor-widget-heading\" data-id=\"125b0b31\" data-element_type=\"widget\" data-widget_type=\"heading.default\">\n\t\t\t\t<div class=\"elementor-widget-container\">\n\t\t\t\t\t<h2 class=\"elementor-heading-title elementor-size-default\">[ Themen ]<\/h2>\t\t\t\t<\/div>\n\t\t\t\t<\/div>\n\t\t\t\t\t<\/div>\n\t\t<\/div>\n\t\t\t\t<div class=\"elementor-column elementor-col-33 elementor-inner-column elementor-element elementor-element-e32e6e0 elementor-hidden-tablet elementor-hidden-mobile\" data-id=\"e32e6e0\" data-element_type=\"column\">\n\t\t\t<div class=\"elementor-widget-wrap\">\n\t\t\t\t\t\t\t<\/div>\n\t\t<\/div>\n\t\t\t\t\t<\/div>\n\t\t<\/section>\n\t\t\t\t<section class=\"elementor-section elementor-top-section elementor-element elementor-element-138212d4 elementor-section-height-min-height elementor-section-boxed elementor-section-height-default elementor-section-items-middle\" data-id=\"138212d4\" data-element_type=\"section\" data-settings=\"{&quot;background_background&quot;:&quot;classic&quot;}\">\n\t\t\t\t\t\t<div class=\"elementor-container elementor-column-gap-default\">\n\t\t\t\t\t<div class=\"elementor-column elementor-col-100 elementor-top-column elementor-element elementor-element-4ba0d900\" data-id=\"4ba0d900\" data-element_type=\"column\">\n\t\t\t<div class=\"elementor-widget-wrap elementor-element-populated\">\n\t\t\t\t\t\t<section class=\"elementor-section elementor-inner-section elementor-element elementor-element-3019a7b elementor-section-height-min-height animated-slow elementor-section-boxed elementor-section-height-default elementor-invisible\" data-id=\"3019a7b\" data-element_type=\"section\" data-settings=\"{&quot;animation&quot;:&quot;fadeIn&quot;}\">\n\t\t\t\t\t\t<div class=\"elementor-container elementor-column-gap-wide\">\n\t\t\t\t\t<div class=\"elementor-column elementor-col-50 elementor-inner-column elementor-element elementor-element-77e25761\" data-id=\"77e25761\" data-element_type=\"column\">\n\t\t\t<div class=\"elementor-widget-wrap elementor-element-populated\">\n\t\t\t\t\t\t<div class=\"elementor-element elementor-element-4cf13121 elementor-position-left elementor-vertical-align-middle envato-kit-140-imagebox-nospace elementor-widget elementor-widget-image-box\" data-id=\"4cf13121\" data-element_type=\"widget\" data-widget_type=\"image-box.default\">\n\t\t\t\t<div class=\"elementor-widget-container\">\n\t\t\t\t\t<div class=\"elementor-image-box-wrapper\"><figure class=\"elementor-image-box-img\"><a href=\"https:\/\/www.activ-apotheke.at\/?page_id=1474\" tabindex=\"-1\"><img decoding=\"async\" src=\"https:\/\/www.activ-apotheke.at\/wp-content\/uploads\/elementor\/thumbs\/tree-276014_800-ph2axaiowwc8sicfbyenmhp2u662w36mwmruk035iw.jpg\" title=\"Baum und Wiese\" alt=\"Baum und Wiese\" class=\"elementor-animation-bob\" loading=\"lazy\" \/><\/a><\/figure><div class=\"elementor-image-box-content\"><div class=\"elementor-image-box-title\"><a href=\"https:\/\/www.activ-apotheke.at\/?page_id=1474\">Eigenmarken<\/a><\/div><p class=\"elementor-image-box-description\">Unsere Eigenmarken umfassen Nahrungserg\u00e4nzungsmitteln, Vitamine, Spurenelemente f\u00fcr das t\u00e4gliche Wohlbefinden<\/p><\/div><\/div>\t\t\t\t<\/div>\n\t\t\t\t<\/div>\n\t\t\t\t<div class=\"elementor-element elementor-element-6c4afbba elementor-position-left elementor-vertical-align-middle envato-kit-140-imagebox-nospace elementor-widget elementor-widget-image-box\" data-id=\"6c4afbba\" data-element_type=\"widget\" data-widget_type=\"image-box.default\">\n\t\t\t\t<div class=\"elementor-widget-container\">\n\t\t\t\t\t<div class=\"elementor-image-box-wrapper\"><figure class=\"elementor-image-box-img\"><a href=\"https:\/\/www.activ-apotheke.at\/?page_id=966\" tabindex=\"-1\"><img decoding=\"async\" src=\"https:\/\/www.activ-apotheke.at\/wp-content\/uploads\/elementor\/thumbs\/dna-1811955_800x800-pcpyur5s8hsdnlgekfp7ujzbm7pxd1e6jkumssr1yw.jpg\" title=\"DNA\" alt=\"DNA\" class=\"elementor-animation-bob\" loading=\"lazy\" \/><\/a><\/figure><div class=\"elementor-image-box-content\"><div class=\"elementor-image-box-title\"><a href=\"https:\/\/www.activ-apotheke.at\/?page_id=966\">Epigenetik<\/a><\/div><p class=\"elementor-image-box-description\">Die Epigenetik ist das Fachgebiet der Biologie, das sich mit der Frage befasst, welche Faktoren die Aktivit\u00e4t eines Gens und damit die Entwicklung der Zelle zeitweilig festlegen<\/p><\/div><\/div>\t\t\t\t<\/div>\n\t\t\t\t<\/div>\n\t\t\t\t<div class=\"elementor-element elementor-element-c774f87 elementor-position-left elementor-vertical-align-middle envato-kit-140-imagebox-nospace elementor-widget elementor-widget-image-box\" data-id=\"c774f87\" data-element_type=\"widget\" data-widget_type=\"image-box.default\">\n\t\t\t\t<div class=\"elementor-widget-container\">\n\t\t\t\t\t<div class=\"elementor-image-box-wrapper\"><figure class=\"elementor-image-box-img\"><a href=\"https:\/\/www.activ-apotheke.at\/?page_id=1464\" tabindex=\"-1\"><img decoding=\"async\" src=\"https:\/\/www.activ-apotheke.at\/wp-content\/uploads\/elementor\/thumbs\/weighing_machine_pexels-pixabay-53404_800x800-pcq8nlsprktbxwx45yhguiijfck8uo6rq12ea5kq7s.jpg\" title=\"Waage\" alt=\"Waage\" class=\"elementor-animation-bob\" loading=\"lazy\" \/><\/a><\/figure><div class=\"elementor-image-box-content\"><div class=\"elementor-image-box-title\"><a href=\"https:\/\/www.activ-apotheke.at\/?page_id=1464\">K\u00f6rperfettmessung<\/a><\/div><p class=\"elementor-image-box-description\">K\u00f6rpergewicht oder BMI sind keine aussagekr\u00e4ftigen Messgr\u00f6\u00dfen. Durch eine detaillierte Analyse Ihrer K\u00f6rperstruktur bekommen Sie genaue Angaben zu Muskelmasse, K\u00f6rperfett und Wasseranteil<\/p><\/div><\/div>\t\t\t\t<\/div>\n\t\t\t\t<\/div>\n\t\t\t\t<div class=\"elementor-element elementor-element-e21c2cf elementor-position-left elementor-vertical-align-middle envato-kit-140-imagebox-nospace elementor-widget elementor-widget-image-box\" data-id=\"e21c2cf\" data-element_type=\"widget\" data-widget_type=\"image-box.default\">\n\t\t\t\t<div class=\"elementor-widget-container\">\n\t\t\t\t\t<div class=\"elementor-image-box-wrapper\"><figure class=\"elementor-image-box-img\"><a href=\"https:\/\/www.activ-apotheke.at\/?page_id=1665\" tabindex=\"-1\"><img decoding=\"async\" src=\"https:\/\/www.activ-apotheke.at\/wp-content\/uploads\/elementor\/thumbs\/medikationsanalyse_pixabay-800-ph2aio52lobo6vl0pmvku6iy6e8j5l4y89fxt1rmbc.jpg\" title=\"Medikationsanalyse\" alt=\"Medikationsanalyse\" class=\"elementor-animation-bob\" loading=\"lazy\" \/><\/a><\/figure><div class=\"elementor-image-box-content\"><div class=\"elementor-image-box-title\"><a href=\"https:\/\/www.activ-apotheke.at\/?page_id=1665\">Medikationsmanagement<\/a><\/div><p class=\"elementor-image-box-description\">Je mehr Medikamente man einnimmt, desto h\u00f6her wird die Wahrscheinlichkeit von schwerwiegenden Wechselwirkungen<\/p><\/div><\/div>\t\t\t\t<\/div>\n\t\t\t\t<\/div>\n\t\t\t\t<div class=\"elementor-element elementor-element-c2bbfb6 elementor-position-left elementor-vertical-align-middle envato-kit-140-imagebox-nospace elementor-widget elementor-widget-image-box\" data-id=\"c2bbfb6\" data-element_type=\"widget\" data-widget_type=\"image-box.default\">\n\t\t\t\t<div class=\"elementor-widget-container\">\n\t\t\t\t\t<div class=\"elementor-image-box-wrapper\"><figure class=\"elementor-image-box-img\"><a href=\"https:\/\/www.activ-apotheke.at\/?page_id=2010\" tabindex=\"-1\"><img decoding=\"async\" src=\"https:\/\/www.activ-apotheke.at\/wp-content\/uploads\/elementor\/thumbs\/schussler-pixabay_800-ph2airwfd0gthbfk3oi345ksjxq00djvks1vq5m1mg.jpg\" title=\"Sch\u00fcsslersalze\" alt=\"Sch\u00fcsslersalze\" class=\"elementor-animation-bob\" loading=\"lazy\" \/><\/a><\/figure><div class=\"elementor-image-box-content\"><div class=\"elementor-image-box-title\"><a href=\"https:\/\/www.activ-apotheke.at\/?page_id=2010\">Sch\u00fcsslersalze<\/a><\/div><p class=\"elementor-image-box-description\">Unterst\u00fctzen Sie Ihren K\u00f6rper mit lebensnotwendigen Mineralstoffen<\/p><\/div><\/div>\t\t\t\t<\/div>\n\t\t\t\t<\/div>\n\t\t\t\t<div class=\"elementor-element elementor-element-cb0c111 elementor-position-left elementor-vertical-align-middle envato-kit-140-imagebox-nospace elementor-widget elementor-widget-image-box\" data-id=\"cb0c111\" data-element_type=\"widget\" data-widget_type=\"image-box.default\">\n\t\t\t\t<div class=\"elementor-widget-container\">\n\t\t\t\t\t<div class=\"elementor-image-box-wrapper\"><figure class=\"elementor-image-box-img\"><a href=\"https:\/\/www.activ-apotheke.at\/?page_id=1472\" tabindex=\"-1\"><img decoding=\"async\" src=\"https:\/\/www.activ-apotheke.at\/wp-content\/uploads\/elementor\/thumbs\/ionis_spagyrik_800-2-qveelqsmj4iadvnals3sl4c0oz8asso2jftdt8s3w8.jpg\" title=\"Ionis Spagyrik &copy; spagyrik.at\" alt=\"Ionis Spagyrik &copy; spagyrik.at\" class=\"elementor-animation-bob\" loading=\"lazy\" \/><\/a><\/figure><div class=\"elementor-image-box-content\"><div class=\"elementor-image-box-title\"><a href=\"https:\/\/www.activ-apotheke.at\/?page_id=1472\">Spagyrik<\/a><\/div><p class=\"elementor-image-box-description\">Spagyrik ist ein uraltes, ganzheitliches Naturheilverfahren.<\/p><\/div><\/div>\t\t\t\t<\/div>\n\t\t\t\t<\/div>\n\t\t\t\t<div class=\"elementor-element elementor-element-f4d5a84 elementor-position-left elementor-vertical-align-middle envato-kit-140-imagebox-nospace elementor-widget elementor-widget-image-box\" data-id=\"f4d5a84\" data-element_type=\"widget\" data-widget_type=\"image-box.default\">\n\t\t\t\t<div class=\"elementor-widget-container\">\n\t\t\t\t\t<div class=\"elementor-image-box-wrapper\"><figure class=\"elementor-image-box-img\"><a href=\"https:\/\/www.activ-apotheke.at\/?page_id=1959\" tabindex=\"-1\"><img decoding=\"async\" src=\"https:\/\/www.activ-apotheke.at\/wp-content\/uploads\/elementor\/thumbs\/raeuchern_pixabay_800-ph2aiq0qzce8u3iaenotz61vd5z9kzcewiqwrlotyw.jpg\" title=\"R\u00e4uchern\" alt=\"R\u00e4uchern\" class=\"elementor-animation-bob\" loading=\"lazy\" \/><\/a><\/figure><div class=\"elementor-image-box-content\"><div class=\"elementor-image-box-title\"><a href=\"https:\/\/www.activ-apotheke.at\/?page_id=1959\">R\u00e4uchern<\/a><\/div><p class=\"elementor-image-box-description\">Mit Kr\u00e4utern und Harzen reinigen<\/p><\/div><\/div>\t\t\t\t<\/div>\n\t\t\t\t<\/div>\n\t\t\t\t\t<\/div>\n\t\t<\/div>\n\t\t\t\t<div class=\"elementor-column elementor-col-50 elementor-inner-column elementor-element elementor-element-2e5d3784\" data-id=\"2e5d3784\" data-element_type=\"column\">\n\t\t\t<div class=\"elementor-widget-wrap elementor-element-populated\">\n\t\t\t\t\t\t<div class=\"elementor-element elementor-element-a84ad81 elementor-position-left elementor-vertical-align-middle envato-kit-140-imagebox-nospace elementor-widget elementor-widget-image-box\" data-id=\"a84ad81\" data-element_type=\"widget\" data-widget_type=\"image-box.default\">\n\t\t\t\t<div class=\"elementor-widget-container\">\n\t\t\t\t\t<div class=\"elementor-image-box-wrapper\"><figure class=\"elementor-image-box-img\"><a href=\"https:\/\/www.activ-apotheke.at\/?page_id=1476\" tabindex=\"-1\"><img decoding=\"async\" src=\"https:\/\/www.activ-apotheke.at\/wp-content\/uploads\/elementor\/thumbs\/eigenkosmetik_c_uschachner_800-ph2lqwmdqpox5seq9d9m569b1tt7fjxah1j9qyeiew.jpg\" title=\"Eigenkosmetik &copy; U. Schachner\" alt=\"Eigenkosmetik Aktiv-Apotheke Tribuswinkel\" class=\"elementor-animation-bob\" loading=\"lazy\" \/><\/a><\/figure><div class=\"elementor-image-box-content\"><div class=\"elementor-image-box-title\"><a href=\"https:\/\/www.activ-apotheke.at\/?page_id=1476\">Eigenkosmetik<\/a><\/div><p class=\"elementor-image-box-description\">Die Sch\u00f6nheit liegt in Deiner Natur.<\/p><\/div><\/div>\t\t\t\t<\/div>\n\t\t\t\t<\/div>\n\t\t\t\t<div class=\"elementor-element elementor-element-481a699 elementor-position-left elementor-vertical-align-middle envato-kit-140-imagebox-nospace elementor-widget elementor-widget-image-box\" data-id=\"481a699\" data-element_type=\"widget\" data-widget_type=\"image-box.default\">\n\t\t\t\t<div class=\"elementor-widget-container\">\n\t\t\t\t\t<div class=\"elementor-image-box-wrapper\"><figure class=\"elementor-image-box-img\"><a href=\"https:\/\/www.activ-apotheke.at\/?page_id=1345\" tabindex=\"-1\"><img decoding=\"async\" src=\"https:\/\/www.activ-apotheke.at\/wp-content\/uploads\/elementor\/thumbs\/stratipharm_blindflug_800x800-ph2aa5popoo71zy4eyf79buois6vg9cge4rncudyns.jpg\" title=\"Stratipharm &copy; www.stratipharm.de\" alt=\"Stratipharm &copy; www.stratipharm.de\" class=\"elementor-animation-bob\" loading=\"lazy\" \/><\/a><\/figure><div class=\"elementor-image-box-content\"><div class=\"elementor-image-box-title\"><a href=\"https:\/\/www.activ-apotheke.at\/?page_id=1345\">DNA-Stratipharm<\/a><\/div><p class=\"elementor-image-box-description\">Medikamenten Blindflug stoppen.\nSichern Sie sich Ihre Chance auf mehr Wirksamkeit und weniger Nebenwirkungen.<\/p><\/div><\/div>\t\t\t\t<\/div>\n\t\t\t\t<\/div>\n\t\t\t\t<div class=\"elementor-element elementor-element-28524d7 elementor-position-left elementor-vertical-align-middle envato-kit-140-imagebox-nospace elementor-widget elementor-widget-image-box\" data-id=\"28524d7\" data-element_type=\"widget\" data-widget_type=\"image-box.default\">\n\t\t\t\t<div class=\"elementor-widget-container\">\n\t\t\t\t\t<div class=\"elementor-image-box-wrapper\"><figure class=\"elementor-image-box-img\"><a href=\"https:\/\/www.activ-apotheke.at\/?page_id=1405\" tabindex=\"-1\"><img decoding=\"async\" src=\"https:\/\/www.activ-apotheke.at\/wp-content\/uploads\/elementor\/thumbs\/metacheck_woman-3186730_800x800-pcq2xr551r0pc7xi6z6ssgkg1j6f4yyzf5qaomskvs.jpg\" title=\"Metacheck\" alt=\"Metacheck\" class=\"elementor-animation-bob\" loading=\"lazy\" \/><\/a><\/figure><div class=\"elementor-image-box-content\"><div class=\"elementor-image-box-title\"><a href=\"https:\/\/www.activ-apotheke.at\/?page_id=1405\">CoGAP MetaCheck<\/a><\/div><p class=\"elementor-image-box-description\">Deine DNA \u2014 Deine Di\u00e4t<\/p><\/div><\/div>\t\t\t\t<\/div>\n\t\t\t\t<\/div>\n\t\t\t\t<div class=\"elementor-element elementor-element-28ed31a elementor-position-left elementor-vertical-align-middle envato-kit-140-imagebox-nospace elementor-widget elementor-widget-image-box\" data-id=\"28ed31a\" data-element_type=\"widget\" data-widget_type=\"image-box.default\">\n\t\t\t\t<div class=\"elementor-widget-container\">\n\t\t\t\t\t<div class=\"elementor-image-box-wrapper\"><figure class=\"elementor-image-box-img\"><a href=\"https:\/\/www.activ-apotheke.at\/?page_id=1286\" tabindex=\"-1\"><img decoding=\"async\" src=\"https:\/\/www.activ-apotheke.at\/wp-content\/uploads\/elementor\/thumbs\/AGE-Reader-Screening_C_www_agereader_de_800x800-pcpzh1vyd0b92l2ed2olzxeyx9tdyjwy9xzan3oud4.jpg\" title=\"AGE-Reader-Screening &copy; www.agereader.de\" alt=\"AGE-Reader-Screening &copy; www.agereader.de\" class=\"elementor-animation-bob\" loading=\"lazy\" \/><\/a><\/figure><div class=\"elementor-image-box-content\"><div class=\"elementor-image-box-title\"><a href=\"https:\/\/www.activ-apotheke.at\/?page_id=1286\">AGE-Reader<\/a><\/div><p class=\"elementor-image-box-description\">Wie alt sind Ihre Zellen?\nIn 12 Sekunden kennen Sie das\u00a0Altersstadium Ihrer Zellen und\u00a0erfahren wie hoch Ihr Risiko f\u00fcr\u00a0altersbedingte Krankheiten ist<\/p><\/div><\/div>\t\t\t\t<\/div>\n\t\t\t\t<\/div>\n\t\t\t\t<div class=\"elementor-element elementor-element-2b998ee elementor-position-left elementor-vertical-align-middle envato-kit-140-imagebox-nospace elementor-widget elementor-widget-image-box\" data-id=\"2b998ee\" data-element_type=\"widget\" data-widget_type=\"image-box.default\">\n\t\t\t\t<div class=\"elementor-widget-container\">\n\t\t\t\t\t<div class=\"elementor-image-box-wrapper\"><figure class=\"elementor-image-box-img\"><a href=\"https:\/\/www.activ-apotheke.at\/?page_id=1442\" tabindex=\"-1\"><img decoding=\"async\" src=\"https:\/\/www.activ-apotheke.at\/wp-content\/uploads\/elementor\/thumbs\/age_reader_rod-long-y0OAmd_COUM-unsplash_800x800-pcpzh009zc8ofd54o1vcuxw1qi2nj5phloobojrmpk.jpg\" title=\"Alt und jung\" alt=\"Alt und jung\" class=\"elementor-animation-bob\" loading=\"lazy\" \/><\/a><\/figure><div class=\"elementor-image-box-content\"><div class=\"elementor-image-box-title\"><a href=\"https:\/\/www.activ-apotheke.at\/?page_id=1442\">AGING Panel<\/a><\/div><p class=\"elementor-image-box-description\">Individualisierte Pr\u00e4vention f\u00fcr Ihre sensiblen Alterungsmechanismen<\/p><\/div><\/div>\t\t\t\t<\/div>\n\t\t\t\t<\/div>\n\t\t\t\t<div class=\"elementor-element elementor-element-1cd97ea elementor-position-left elementor-vertical-align-middle envato-kit-140-imagebox-nospace elementor-widget elementor-widget-image-box\" data-id=\"1cd97ea\" data-element_type=\"widget\" data-widget_type=\"image-box.default\">\n\t\t\t\t<div class=\"elementor-widget-container\">\n\t\t\t\t\t<div class=\"elementor-image-box-wrapper\"><figure class=\"elementor-image-box-img\"><a href=\"https:\/\/www.activ-apotheke.at\/?page_id=2684\" tabindex=\"-1\"><img decoding=\"async\" src=\"https:\/\/www.activ-apotheke.at\/wp-content\/uploads\/elementor\/thumbs\/homoeopathie_pixabay_800-ph2ankuqaj1ktkgc1r9fuxxluu1jcomhkk3812hltk.jpg\" title=\"Hom\u00f6opathie\" alt=\"Hom\u00f6opathie\" class=\"elementor-animation-bob\" loading=\"lazy\" \/><\/a><\/figure><div class=\"elementor-image-box-content\"><div class=\"elementor-image-box-title\"><a href=\"https:\/\/www.activ-apotheke.at\/?page_id=2684\">Hom\u00f6opathie<\/a><\/div><p class=\"elementor-image-box-description\">\u00c4hnliches mit \u00c4hnlichem heilen<\/p><\/div><\/div>\t\t\t\t<\/div>\n\t\t\t\t<\/div>\n\t\t\t\t<div class=\"elementor-element elementor-element-f47d9ba elementor-position-left elementor-vertical-align-middle envato-kit-140-imagebox-nospace elementor-widget elementor-widget-image-box\" data-id=\"f47d9ba\" data-element_type=\"widget\" data-widget_type=\"image-box.default\">\n\t\t\t\t<div class=\"elementor-widget-container\">\n\t\t\t\t\t<div class=\"elementor-image-box-wrapper\"><figure class=\"elementor-image-box-img\"><a href=\"https:\/\/www.activ-apotheke.at\/?page_id=1855\" tabindex=\"-1\"><img decoding=\"async\" src=\"https:\/\/www.activ-apotheke.at\/wp-content\/uploads\/elementor\/thumbs\/aetherische_oele_pixaba_800-ph2aniz1wuz06cj2cqg6pyeoo2asxaf0was92ike60.jpg\" title=\"\u00c4therische \u00d6le\" alt=\"\u00c4therische \u00d6le\" class=\"elementor-animation-bob\" loading=\"lazy\" \/><\/a><\/figure><div class=\"elementor-image-box-content\"><div class=\"elementor-image-box-title\"><a href=\"https:\/\/www.activ-apotheke.at\/?page_id=1855\">\u00c4therische \u00d6le<\/a><\/div><p class=\"elementor-image-box-description\">Die Welt der D\u00fcfte<\/p><\/div><\/div>\t\t\t\t<\/div>\n\t\t\t\t<\/div>\n\t\t\t\t<div class=\"elementor-element elementor-element-1ed2c93 elementor-position-left elementor-vertical-align-middle envato-kit-140-imagebox-nospace elementor-widget elementor-widget-image-box\" data-id=\"1ed2c93\" data-element_type=\"widget\" data-widget_type=\"image-box.default\">\n\t\t\t\t<div class=\"elementor-widget-container\">\n\t\t\t\t\t<div class=\"elementor-image-box-wrapper\"><figure class=\"elementor-image-box-img\"><a href=\"https:\/\/www.activ-apotheke.at\/?page_id=1973\" tabindex=\"-1\"><img decoding=\"async\" src=\"https:\/\/www.activ-apotheke.at\/wp-content\/uploads\/elementor\/thumbs\/rostockessenzen_pixabay_800-ph2aiq0qzce8u3iaenotz61vd5z9kzcewiqwrlotyw.jpg\" title=\"Rostockessenzen\" alt=\"Rostockessenzen\" class=\"elementor-animation-bob\" loading=\"lazy\" \/><\/a><\/figure><div class=\"elementor-image-box-content\"><div class=\"elementor-image-box-title\"><a href=\"https:\/\/www.activ-apotheke.at\/?page_id=1973\">Rostock-Essenzen<\/a><\/div><p class=\"elementor-image-box-description\">Tauchen Sie ein in die Welt der Informationsmedizin<\/p><\/div><\/div>\t\t\t\t<\/div>\n\t\t\t\t<\/div>\n\t\t\t\t\t<\/div>\n\t\t<\/div>\n\t\t\t\t\t<\/div>\n\t\t<\/section>\n\t\t\t\t\t<\/div>\n\t\t<\/div>\n\t\t\t\t\t<\/div>\n\t\t<\/section>\n\t\t\t\t<section class=\"elementor-section elementor-top-section elementor-element elementor-element-7827705 elementor-section-boxed elementor-section-height-default elementor-section-height-default\" data-id=\"7827705\" data-element_type=\"section\">\n\t\t\t\t\t\t<div class=\"elementor-container elementor-column-gap-default\">\n\t\t\t\t\t<div class=\"elementor-column elementor-col-100 elementor-top-column elementor-element elementor-element-1e118ad\" data-id=\"1e118ad\" data-element_type=\"column\">\n\t\t\t<div class=\"elementor-widget-wrap\">\n\t\t\t\t\t\t\t<\/div>\n\t\t<\/div>\n\t\t\t\t\t<\/div>\n\t\t<\/section>\n\t\t\t\t<\/div>\n\t\t","protected":false},"excerpt":{"rendered":"<p>[ Themen ] Eigenmarken Unsere Eigenmarken umfassen Nahrungserg\u00e4nzungsmitteln, Vitamine, Spurenelemente f\u00fcr das t\u00e4gliche Wohlbefinden Epigenetik Die Epigenetik ist das Fachgebiet der Biologie, das sich mit der Frage befasst, welche Faktoren die Aktivit\u00e4t eines Gens und damit die Entwicklung der Zelle zeitweilig festlegen K\u00f6rperfettmessung K\u00f6rpergewicht oder BMI sind keine aussagekr\u00e4ftigen Messgr\u00f6\u00dfen. Durch eine detaillierte Analyse Ihrer [&hellip;]<\/p>\n","protected":false},"author":1,"featured_media":0,"parent":0,"menu_order":0,"comment_status":"closed","ping_status":"closed","template":"","meta":{"ocean_post_layout":"full-screen","ocean_both_sidebars_style":"","ocean_both_sidebars_content_width":0,"ocean_both_sidebars_sidebars_width":0,"ocean_sidebar":"0","ocean_second_sidebar":"0","ocean_disable_margins":"enable","ocean_add_body_class":"","ocean_shortcode_before_top_bar":"","ocean_shortcode_after_top_bar":"","ocean_shortcode_before_header":"","ocean_shortcode_after_header":"","ocean_has_shortcode":"","ocean_shortcode_after_title":"","ocean_shortcode_before_footer_widgets":"","ocean_shortcode_after_footer_widgets":"","ocean_shortcode_before_footer_bottom":"","ocean_shortcode_after_footer_bottom":"","ocean_display_top_bar":"off","ocean_display_header":"default","ocean_header_style":"","ocean_center_header_left_menu":"0","ocean_custom_header_template":"0","ocean_custom_logo":0,"ocean_custom_retina_logo":0,"ocean_custom_logo_max_width":0,"ocean_custom_logo_tablet_max_width":0,"ocean_custom_logo_mobile_max_width":0,"ocean_custom_logo_max_height":0,"ocean_custom_logo_tablet_max_height":0,"ocean_custom_logo_mobile_max_height":0,"ocean_header_custom_menu":"0","ocean_menu_typo_font_family":"0","ocean_menu_typo_font_subset":"","ocean_menu_typo_font_size":0,"ocean_menu_typo_font_size_tablet":0,"ocean_menu_typo_font_size_mobile":0,"ocean_menu_typo_font_size_unit":"px","ocean_menu_typo_font_weight":"","ocean_menu_typo_font_weight_tablet":"","ocean_menu_typo_font_weight_mobile":"","ocean_menu_typo_transform":"","ocean_menu_typo_transform_tablet":"","ocean_menu_typo_transform_mobile":"","ocean_menu_typo_line_height":0,"ocean_menu_typo_line_height_tablet":0,"ocean_menu_typo_line_height_mobile":0,"ocean_menu_typo_line_height_unit":"","ocean_menu_typo_spacing":0,"ocean_menu_typo_spacing_tablet":0,"ocean_menu_typo_spacing_mobile":0,"ocean_menu_typo_spacing_unit":"","ocean_menu_link_color":"","ocean_menu_link_color_hover":"","ocean_menu_link_color_active":"","ocean_menu_link_background":"","ocean_menu_link_hover_background":"","ocean_menu_link_active_background":"","ocean_menu_social_links_bg":"","ocean_menu_social_hover_links_bg":"","ocean_menu_social_links_color":"","ocean_menu_social_hover_links_color":"","ocean_disable_title":"on","ocean_disable_heading":"default","ocean_post_title":"","ocean_post_subheading":"","ocean_post_title_style":"","ocean_post_title_background_color":"","ocean_post_title_background":0,"ocean_post_title_bg_image_position":"","ocean_post_title_bg_image_attachment":"","ocean_post_title_bg_image_repeat":"","ocean_post_title_bg_image_size":"","ocean_post_title_height":0,"ocean_post_title_bg_overlay":0.5,"ocean_post_title_bg_overlay_color":"","ocean_disable_breadcrumbs":"default","ocean_breadcrumbs_color":"","ocean_breadcrumbs_separator_color":"","ocean_breadcrumbs_links_color":"","ocean_breadcrumbs_links_hover_color":"","ocean_display_footer_widgets":"default","ocean_display_footer_bottom":"default","ocean_custom_footer_template":"0","footnotes":""},"class_list":["post-209","page","type-page","status-publish","hentry","entry"],"_links":{"self":[{"href":"https:\/\/www.activ-apotheke.at\/index.php?rest_route=\/wp\/v2\/pages\/209","targetHints":{"allow":["GET"]}}],"collection":[{"href":"https:\/\/www.activ-apotheke.at\/index.php?rest_route=\/wp\/v2\/pages"}],"about":[{"href":"https:\/\/www.activ-apotheke.at\/index.php?rest_route=\/wp\/v2\/types\/page"}],"author":[{"embeddable":true,"href":"https:\/\/www.activ-apotheke.at\/index.php?rest_route=\/wp\/v2\/users\/1"}],"replies":[{"embeddable":true,"href":"https:\/\/www.activ-apotheke.at\/index.php?rest_route=%2Fwp%2Fv2%2Fcomments&post=209"}],"version-history":[{"count":432,"href":"https:\/\/www.activ-apotheke.at\/index.php?rest_route=\/wp\/v2\/pages\/209\/revisions"}],"predecessor-version":[{"id":3873,"href":"https:\/\/www.activ-apotheke.at\/index.php?rest_route=\/wp\/v2\/pages\/209\/revisions\/3873"}],"wp:attachment":[{"href":"https:\/\/www.activ-apotheke.at\/index.php?rest_route=%2Fwp%2Fv2%2Fmedia&parent=209"}],"curies":[{"name":"wp","href":"https:\/\/api.w.org\/{rel}","templated":true}]}}