{"id":966,"date":"2021-06-16T15:19:23","date_gmt":"2021-06-16T13:19:23","guid":{"rendered":"https:\/\/www.activ-apotheke.at\/?page_id=966"},"modified":"2023-11-27T15:14:38","modified_gmt":"2023-11-27T14:14:38","slug":"epigenetik","status":"publish","type":"page","link":"https:\/\/www.activ-apotheke.at\/?page_id=966","title":{"rendered":"Epigenetik"},"content":{"rendered":"\t\t<div data-elementor-type=\"wp-page\" data-elementor-id=\"966\" class=\"elementor elementor-966\">\n\t\t\t\t\t\t<section class=\"elementor-section elementor-top-section elementor-element elementor-element-7d10b29d elementor-section-full_width elementor-section-height-min-height elementor-hidden-tablet elementor-hidden-mobile elementor-section-height-default elementor-section-items-middle\" data-id=\"7d10b29d\" data-element_type=\"section\" data-settings=\"{&quot;background_background&quot;:&quot;classic&quot;}\">\n\t\t\t\t\t\t<div class=\"elementor-container elementor-column-gap-default\">\n\t\t\t\t\t<div class=\"elementor-column elementor-col-100 elementor-top-column elementor-element elementor-element-7564e92e\" data-id=\"7564e92e\" data-element_type=\"column\">\n\t\t\t<div class=\"elementor-widget-wrap\">\n\t\t\t\t\t\t\t<\/div>\n\t\t<\/div>\n\t\t\t\t\t<\/div>\n\t\t<\/section>\n\t\t\t\t<section class=\"elementor-section elementor-top-section elementor-element elementor-element-12683a8a elementor-section-content-middle elementor-reverse-mobile elementor-section-boxed elementor-section-height-default elementor-section-height-default\" data-id=\"12683a8a\" data-element_type=\"section\" data-settings=\"{&quot;background_background&quot;:&quot;classic&quot;}\">\n\t\t\t\t\t\t<div class=\"elementor-container elementor-column-gap-wide\">\n\t\t\t\t\t<div class=\"elementor-column elementor-col-50 elementor-top-column elementor-element elementor-element-4e64418\" data-id=\"4e64418\" data-element_type=\"column\" data-settings=\"{&quot;background_background&quot;:&quot;classic&quot;}\">\n\t\t\t<div class=\"elementor-widget-wrap elementor-element-populated\">\n\t\t\t\t\t\t<div class=\"elementor-element elementor-element-5fac00d7 elementor-widget elementor-widget-spacer\" data-id=\"5fac00d7\" data-element_type=\"widget\" data-widget_type=\"spacer.default\">\n\t\t\t\t<div class=\"elementor-widget-container\">\n\t\t\t\t\t\t\t<div class=\"elementor-spacer\">\n\t\t\t<div class=\"elementor-spacer-inner\"><\/div>\n\t\t<\/div>\n\t\t\t\t\t\t<\/div>\n\t\t\t\t<\/div>\n\t\t\t\t\t<\/div>\n\t\t<\/div>\n\t\t\t\t<div class=\"elementor-column elementor-col-50 elementor-top-column elementor-element elementor-element-19f3fff2\" data-id=\"19f3fff2\" data-element_type=\"column\">\n\t\t\t<div class=\"elementor-widget-wrap elementor-element-populated\">\n\t\t\t\t\t\t<div class=\"elementor-element elementor-element-58f60ac5 elementor-widget elementor-widget-heading\" data-id=\"58f60ac5\" data-element_type=\"widget\" data-widget_type=\"heading.default\">\n\t\t\t\t<div class=\"elementor-widget-container\">\n\t\t\t\t\t<h2 class=\"elementor-heading-title elementor-size-default\">Epigenetik<\/h2>\t\t\t\t<\/div>\n\t\t\t\t<\/div>\n\t\t\t\t<div class=\"elementor-element elementor-element-24d650c2 elementor-widget-divider--view-line elementor-invisible elementor-widget elementor-widget-divider\" data-id=\"24d650c2\" data-element_type=\"widget\" data-settings=\"{&quot;_animation&quot;:&quot;fadeInUp&quot;}\" data-widget_type=\"divider.default\">\n\t\t\t\t<div class=\"elementor-widget-container\">\n\t\t\t\t\t\t\t<div class=\"elementor-divider\">\n\t\t\t<span class=\"elementor-divider-separator\">\n\t\t\t\t\t\t<\/span>\n\t\t<\/div>\n\t\t\t\t\t\t<\/div>\n\t\t\t\t<\/div>\n\t\t\t\t<div class=\"elementor-element elementor-element-19a88087 elementor-widget elementor-widget-text-editor\" data-id=\"19a88087\" data-element_type=\"widget\" data-widget_type=\"text-editor.default\">\n\t\t\t\t<div class=\"elementor-widget-container\">\n\t\t\t\t\t\t\t\t\t<p><span>Die Epigenetik ist das Fachgebiet der Biologie, das sich mit der \nFrage befasst, welche Faktoren die Aktivit\u00e4t eines Gens und damit die \nEntwicklung der Zelle zeitweilig festlegen<\/span><\/p>\t\t\t\t\t\t\t\t<\/div>\n\t\t\t\t<\/div>\n\t\t\t\t\t<\/div>\n\t\t<\/div>\n\t\t\t\t\t<\/div>\n\t\t<\/section>\n\t\t\t\t<section class=\"elementor-section elementor-top-section elementor-element elementor-element-b6f232b elementor-section-boxed elementor-section-height-default elementor-section-height-default\" data-id=\"b6f232b\" data-element_type=\"section\">\n\t\t\t\t\t\t<div class=\"elementor-container elementor-column-gap-default\">\n\t\t\t\t\t<div class=\"elementor-column elementor-col-100 elementor-top-column elementor-element elementor-element-766c8e1\" data-id=\"766c8e1\" data-element_type=\"column\">\n\t\t\t<div class=\"elementor-widget-wrap elementor-element-populated\">\n\t\t\t\t\t\t<div class=\"elementor-element elementor-element-5d2d677 elementor-widget elementor-widget-text-editor\" data-id=\"5d2d677\" data-element_type=\"widget\" data-widget_type=\"text-editor.default\">\n\t\t\t\t<div class=\"elementor-widget-container\">\n\t\t\t\t\t\t\t\t\t<p>Die Epigenetik ist ein Teilgebiet der Biologie. Sie ist ein relativ junges Forschungsgebiet, das aber bereits eindeutige gesicherte Erkenntnisse geliefert hat und nat\u00fcrlich weiterhin liefern wird.<\/p><p>Die Genetik befasst sich mit den Genen, die in allen Zellen eines Menschen identisch vorliegen. Die Epigenetik bezeichnet Mechanismen, die diese Gene regulieren, also an- oder abschalten k\u00f6nnen.<\/p><p><strong>Anschalten hei\u00dft:<\/strong> die Information eines Gens kann sich auswirken.<\/p><p><strong>Ausschalten hei\u00dft:<\/strong> die Information eines Gens kommt nicht zum Tragen.<\/p><p>Wenn Gene aktiv geschaltet (eingeschaltet) sind, werden sie abgelesen und es entstehen Proteine, die bestimmte Aufgaben im K\u00f6rper erf\u00fcllen, also Stoffe auf- oder abbauen, Rezeptoren ansprechen etc. Wird ein Gen in einer Zelle abgeschaltet, fehlt das zugeh\u00f6rige Protein, sodass dessen Aufgaben weniger oder mehr erf\u00fcllt werden.<\/p>\t\t\t\t\t\t\t\t<\/div>\n\t\t\t\t<\/div>\n\t\t\t\t\t<\/div>\n\t\t<\/div>\n\t\t\t\t\t<\/div>\n\t\t<\/section>\n\t\t\t\t<section class=\"elementor-section elementor-top-section elementor-element elementor-element-a83b561 elementor-section-boxed elementor-section-height-default elementor-section-height-default\" data-id=\"a83b561\" data-element_type=\"section\">\n\t\t\t\t\t\t<div class=\"elementor-container elementor-column-gap-default\">\n\t\t\t\t\t<div class=\"elementor-column elementor-col-100 elementor-top-column elementor-element elementor-element-0673429\" data-id=\"0673429\" data-element_type=\"column\">\n\t\t\t<div class=\"elementor-widget-wrap elementor-element-populated\">\n\t\t\t\t\t\t<div class=\"elementor-element elementor-element-645f98f elementor-widget elementor-widget-text-editor\" data-id=\"645f98f\" data-element_type=\"widget\" data-widget_type=\"text-editor.default\">\n\t\t\t\t<div class=\"elementor-widget-container\">\n\t\t\t\t\t\t\t\t\t<p>Forschungsergebnisse zeigen, dass anhaltende \u00c4nderungen der Lebensumst\u00e4nde &#8211; insbesondere der Ern\u00e4hrung &#8211; zu epigenetischen Ver\u00e4nderungen f\u00fchren k\u00f6nnen. So konnte bei eineiigen Zwillingen nachgewiesen werden, dass im Alter von 3 Jahren epigenetisch noch hohe \u00dcbereinstimmungen vorlagen. Dies war im Alter von 50 Jahren nicht mehr der Fall, wenn wenig Lebenszeit miteinander verbracht wurde. \u00c4ltere Zwillige sind demnach trotz ihrer genetischen Identit\u00e4t epigenetisch umso verschiedener je unterschiedlicher die Ern\u00e4hrung ist bzw. das Leben der Zwillinge verlaufen ist.<\/p><p>Epigenetische Ver\u00e4nderungen treten im Verlauf einesLebens um ein Vielfaches h\u00e4ufiger auf als genetische Mutationen. Wissenschaftler erwarten daher k\u00fcnftig neue Antworten auf eineVielzahl von chronischen Krankheiten die genetisch bisher nicht erkl\u00e4rbar sind. Beispiele sind Schizophrenie, Alzheimer-Krankheit, Krebs, Typ-2 Diabetes, Herzkreislauf- und Gef\u00e4\u00df-Problematiken, Nierenkrankheiten und andere.<\/p><p>Diese Erkenntnis er\u00f6ffnet uns die Option, sich betreffend Lebensstil, Umweltfaktoren und Ern\u00e4hrung positiv zu positionieren, damit die Aktivit\u00e4t unserer Gene gew\u00e4hrleistet ist, sie ihre Aufgabe erf\u00fcllen k\u00f6nnen und unser Stoffwechsel optimal und gesund funktionierenn kann.<\/p>\t\t\t\t\t\t\t\t<\/div>\n\t\t\t\t<\/div>\n\t\t\t\t\t<\/div>\n\t\t<\/div>\n\t\t\t\t\t<\/div>\n\t\t<\/section>\n\t\t\t\t<section class=\"elementor-section elementor-top-section elementor-element elementor-element-36faa51 elementor-section-boxed elementor-section-height-default elementor-section-height-default\" data-id=\"36faa51\" data-element_type=\"section\">\n\t\t\t\t\t\t<div class=\"elementor-container elementor-column-gap-default\">\n\t\t\t\t\t<div class=\"elementor-column elementor-col-100 elementor-top-column elementor-element elementor-element-ce8243f\" data-id=\"ce8243f\" data-element_type=\"column\">\n\t\t\t<div class=\"elementor-widget-wrap elementor-element-populated\">\n\t\t\t\t\t\t<div class=\"elementor-element elementor-element-2811e24 elementor-widget elementor-widget-text-editor\" data-id=\"2811e24\" data-element_type=\"widget\" data-widget_type=\"text-editor.default\">\n\t\t\t\t<div class=\"elementor-widget-container\">\n\t\t\t\t\t\t\t\t\t<p>Die Therapiekonzepte der EGB werden nach EPI-Typ und personalisierter Ern\u00e4hrungsanalyse individuell auf den Patienten angepasst. Sie bestehen aus Kombinationen der Produkte und einer angepassten personalisierten Ern\u00e4hrung, die \u00fcber Konten an wichtigsten Inhaltsstoffen sowie den EPI-Index der Nahrungsmittel gesteuert wird. APP-begleitet kann die Ern\u00e4hrung individuellen Vorlieben oder z.B. Allergieproblematiken angepasst werden.<\/p><p>Die APP-Anwendung erm\u00f6glicht Ihnen zu jedem Zeitpunkt Ihren Status zu erkennen.<\/p><p>In der Activ Apotheke Tribuswinkel stehen Ihnen Frau Mag. Ursula Kastelliz und Frau Mag. Dr. Claudia Heinrich-Pretterklieber zur Beratung und Begleitung der EPI-Typ Bestimmung und der Umsetzung des EPI-Konzept\u00ae zur Verf\u00fcgung. Beide Pharmazeutinnen sind von der EpiGeneticBalance autorisierte EPI-Konzept\u00ae Beraterinnen und arbeiten eng mit der EpiGeneticBalance AG zusammen.<\/p><p>Alle diese Produkte finden Sie auch in unserem <strong><a href=\"https:\/\/shop.apotheketribuswinkel.at\/21-activ-epigenetik\" target=\"_blank\" rel=\"noopener\">Webshop<\/a>.<\/strong><\/p>\t\t\t\t\t\t\t\t<\/div>\n\t\t\t\t<\/div>\n\t\t\t\t\t<\/div>\n\t\t<\/div>\n\t\t\t\t\t<\/div>\n\t\t<\/section>\n\t\t\t\t<\/div>\n\t\t","protected":false},"excerpt":{"rendered":"<p>Epigenetik Die Epigenetik ist das Fachgebiet der Biologie, das sich mit der Frage befasst, welche Faktoren die Aktivit\u00e4t eines Gens und damit die Entwicklung der Zelle zeitweilig festlegen Die Epigenetik ist ein Teilgebiet der Biologie. Sie ist ein relativ junges Forschungsgebiet, das aber bereits eindeutige gesicherte Erkenntnisse geliefert hat und nat\u00fcrlich weiterhin liefern wird. Die [&hellip;]<\/p>\n","protected":false},"author":1,"featured_media":0,"parent":209,"menu_order":0,"comment_status":"closed","ping_status":"closed","template":"","meta":{"ocean_post_layout":"full-screen","ocean_both_sidebars_style":"","ocean_both_sidebars_content_width":0,"ocean_both_sidebars_sidebars_width":0,"ocean_sidebar":"0","ocean_second_sidebar":"0","ocean_disable_margins":"enable","ocean_add_body_class":"","ocean_shortcode_before_top_bar":"","ocean_shortcode_after_top_bar":"","ocean_shortcode_before_header":"","ocean_shortcode_after_header":"","ocean_has_shortcode":"","ocean_shortcode_after_title":"","ocean_shortcode_before_footer_widgets":"","ocean_shortcode_after_footer_widgets":"","ocean_shortcode_before_footer_bottom":"","ocean_shortcode_after_footer_bottom":"","ocean_display_top_bar":"off","ocean_display_header":"default","ocean_header_style":"","ocean_center_header_left_menu":"0","ocean_custom_header_template":"0","ocean_custom_logo":0,"ocean_custom_retina_logo":0,"ocean_custom_logo_max_width":0,"ocean_custom_logo_tablet_max_width":0,"ocean_custom_logo_mobile_max_width":0,"ocean_custom_logo_max_height":0,"ocean_custom_logo_tablet_max_height":0,"ocean_custom_logo_mobile_max_height":0,"ocean_header_custom_menu":"0","ocean_menu_typo_font_family":"0","ocean_menu_typo_font_subset":"","ocean_menu_typo_font_size":0,"ocean_menu_typo_font_size_tablet":0,"ocean_menu_typo_font_size_mobile":0,"ocean_menu_typo_font_size_unit":"px","ocean_menu_typo_font_weight":"","ocean_menu_typo_font_weight_tablet":"","ocean_menu_typo_font_weight_mobile":"","ocean_menu_typo_transform":"","ocean_menu_typo_transform_tablet":"","ocean_menu_typo_transform_mobile":"","ocean_menu_typo_line_height":0,"ocean_menu_typo_line_height_tablet":0,"ocean_menu_typo_line_height_mobile":0,"ocean_menu_typo_line_height_unit":"","ocean_menu_typo_spacing":0,"ocean_menu_typo_spacing_tablet":0,"ocean_menu_typo_spacing_mobile":0,"ocean_menu_typo_spacing_unit":"","ocean_menu_link_color":"","ocean_menu_link_color_hover":"","ocean_menu_link_color_active":"","ocean_menu_link_background":"","ocean_menu_link_hover_background":"","ocean_menu_link_active_background":"","ocean_menu_social_links_bg":"","ocean_menu_social_hover_links_bg":"","ocean_menu_social_links_color":"","ocean_menu_social_hover_links_color":"","ocean_disable_title":"on","ocean_disable_heading":"default","ocean_post_title":"","ocean_post_subheading":"","ocean_post_title_style":"","ocean_post_title_background_color":"","ocean_post_title_background":0,"ocean_post_title_bg_image_position":"","ocean_post_title_bg_image_attachment":"","ocean_post_title_bg_image_repeat":"","ocean_post_title_bg_image_size":"","ocean_post_title_height":0,"ocean_post_title_bg_overlay":0.5,"ocean_post_title_bg_overlay_color":"","ocean_disable_breadcrumbs":"default","ocean_breadcrumbs_color":"","ocean_breadcrumbs_separator_color":"","ocean_breadcrumbs_links_color":"","ocean_breadcrumbs_links_hover_color":"","ocean_display_footer_widgets":"default","ocean_display_footer_bottom":"default","ocean_custom_footer_template":"0","footnotes":""},"class_list":["post-966","page","type-page","status-publish","hentry","entry"],"_links":{"self":[{"href":"https:\/\/www.activ-apotheke.at\/index.php?rest_route=\/wp\/v2\/pages\/966","targetHints":{"allow":["GET"]}}],"collection":[{"href":"https:\/\/www.activ-apotheke.at\/index.php?rest_route=\/wp\/v2\/pages"}],"about":[{"href":"https:\/\/www.activ-apotheke.at\/index.php?rest_route=\/wp\/v2\/types\/page"}],"author":[{"embeddable":true,"href":"https:\/\/www.activ-apotheke.at\/index.php?rest_route=\/wp\/v2\/users\/1"}],"replies":[{"embeddable":true,"href":"https:\/\/www.activ-apotheke.at\/index.php?rest_route=%2Fwp%2Fv2%2Fcomments&post=966"}],"version-history":[{"count":80,"href":"https:\/\/www.activ-apotheke.at\/index.php?rest_route=\/wp\/v2\/pages\/966\/revisions"}],"predecessor-version":[{"id":3350,"href":"https:\/\/www.activ-apotheke.at\/index.php?rest_route=\/wp\/v2\/pages\/966\/revisions\/3350"}],"up":[{"embeddable":true,"href":"https:\/\/www.activ-apotheke.at\/index.php?rest_route=\/wp\/v2\/pages\/209"}],"wp:attachment":[{"href":"https:\/\/www.activ-apotheke.at\/index.php?rest_route=%2Fwp%2Fv2%2Fmedia&parent=966"}],"curies":[{"name":"wp","href":"https:\/\/api.w.org\/{rel}","templated":true}]}}